{"id":42076,"date":"2017-07-24T22:06:47","date_gmt":"2017-07-24T22:06:47","guid":{"rendered":"https:\/\/www.elmundoclick.com\/politica-de-privacidade-e-cookies\/"},"modified":"2022-06-29T15:08:11","modified_gmt":"2022-06-29T15:08:11","slug":"politica-de-privacidade-e-cookies","status":"publish","type":"page","link":"https:\/\/www.elmundoclick.com\/pt-pt\/politica-de-privacidade-e-cookies\/","title":{"rendered":"Pol\u00edtica de privacidade e cookies"},"content":{"rendered":"<p><b>CONDI\u00c7\u00d5ES GERAIS DE UTILIZA\u00c7\u00c3O E POL\u00cdTICA DE PROTEC\u00c7\u00c3O DE DADOS PESSOAIS<\/b><\/p>\n<p><span style=\"font-weight: 400;\">Por favor leia atentamente estes termos de utiliza\u00e7\u00e3o antes de utilizar este website. Ao utilizar este website, o utilizador reconhece implicitamente que aceita os termos e condi\u00e7\u00f5es. Se n\u00e3o concordar com eles ou tiver quaisquer d\u00favidas, por favor n\u00e3o se registe ou utilize este website.<\/span><\/p>\n<p><b>POL\u00cdTICA DE PROTEC\u00c7\u00c3O DE DADOS<\/b><\/p>\n<p><span style=\"font-weight: 400;\">O principal objectivo do website www.elmundoclick.com , \u00e9 informar e fornecer informa\u00e7\u00f5es aos cidad\u00e3os sobre os servi\u00e7os de&#8230; JOSE MIGUEL MEDINA SILLA  <\/span><span style=\"font-weight: 400;\"><br \/>\n<\/span><span style=\"font-weight: 400;\">JOSE MIGUEL MEDINA SILLA &nbsp;assume as obriga\u00e7\u00f5es legais relativas \u00e0 protec\u00e7\u00e3o de dados pessoais, especialmente no que diz respeito<\/span><span style=\"font-weight: 400;\"><br \/>\n<\/span><span style=\"font-weight: 400;\">a) A exist\u00eancia de ficheiros ou tratamento de dados pessoais.<\/span><span style=\"font-weight: 400;\"><br \/>\n<\/span><span style=\"font-weight: 400;\">b) A finalidade da recolha de dados.<\/span><span style=\"font-weight: 400;\"><br \/>\n<\/span><span style=\"font-weight: 400;\">(c) Os destinat\u00e1rios da informa\u00e7\u00e3o.<\/span><span style=\"font-weight: 400;\"><br \/>\n<\/span><span style=\"font-weight: 400;\">d) A natureza opcional ou obrigat\u00f3ria das perguntas que fazemos.<\/span><span style=\"font-weight: 400;\"><br \/>\n<\/span><span style=\"font-weight: 400;\">(e) As consequ\u00eancias da obten\u00e7\u00e3o dos dados ou da recusa de os fornecer.<\/span><span style=\"font-weight: 400;\"><br \/>\n<\/span><span style=\"font-weight: 400;\">f) A possibilidade de exercer os direitos de acesso, rectifica\u00e7\u00e3o, cancelamento e oposi\u00e7\u00e3o.<\/span><span style=\"font-weight: 400;\"><br \/>\n<\/span><span style=\"font-weight: 400;\">(g) A identidade e endere\u00e7o do controlador ou, quando aplic\u00e1vel, do seu representante.<\/span><span style=\"font-weight: 400;\"><br \/>\n<\/span><span style=\"font-weight: 400;\"><br \/>\n<\/span><span style=\"font-weight: 400;\">\u00c9 desejo da JOSE MIGUEL MEDINA SILLA &nbsp;que o utilizador tenha a informa\u00e7\u00e3o apropriada para decidir expressa, livre e voluntariamente se deseja fornecer os seus dados na forma requerida. Os utilizadores s\u00e3o informados de que os seus dados ser\u00e3o inclu\u00eddos num ficheiro automatizado, pelo qual JOSE MIGUEL MEDINA SILLA \u00e9 respons\u00e1vel.<\/span><\/p>\n<p><span style=\"font-weight: 400;\">Salvo indica\u00e7\u00e3o em contr\u00e1rio em cada caso, os dados recolhidos nos formul\u00e1rios s\u00e3o necess\u00e1rios e obrigat\u00f3rios para se poder aceder e prestar os servi\u00e7os estabelecidos no s\u00edtio web. O utilizador deve preencher os formul\u00e1rios com dados verdadeiros, exactos e completos, sendo respons\u00e1vel por quaisquer danos que possam surgir em caso de preenchimento defeituoso, com dados falsos, imprecisos, incompletos ou desactualizados.<\/span><\/p>\n<p><span style=\"font-weight: 400;\">JOSE MIGUEL MEDINA SILLA &nbsp;compromete-se a adoptar os n\u00edveis de seguran\u00e7a de protec\u00e7\u00e3o de dados pessoais exigidos pela legisla\u00e7\u00e3o actual, instalando as medidas t\u00e9cnicas e organizacionais necess\u00e1rias para prevenir a perda, utiliza\u00e7\u00e3o indevida, altera\u00e7\u00e3o, acesso n\u00e3o autorizado e outros riscos poss\u00edveis. JOSE MIGUEL MEDINA SILLA compromete-se igualmente a cumprir a obriga\u00e7\u00e3o de sigilo relativamente aos dados contidos nos ficheiros automatizados estabelecidos na legisla\u00e7\u00e3o em vigor.<\/span><span style=\"font-weight: 400;\"><br \/>\n<\/span><span style=\"font-weight: 400;\">O utilizador ou a pessoa que o representa pode, a qualquer momento, exercer o seu direito de acesso, rectifica\u00e7\u00e3o, cancelamento e, se for caso disso, oposi\u00e7\u00e3o em conformidade com as disposi\u00e7\u00f5es da Lei Org\u00e2nica de Protec\u00e7\u00e3o de Dados e outros regulamentos aplic\u00e1veis, enviando uma comunica\u00e7\u00e3o escrita ao Gestor de Ficheiros, indicando o seu nome e n\u00famero de bilhete de identidade, para o endere\u00e7o c\/.<\/span> <span style=\"font-weight: 400;\">AVDA. AL VEDAT, N\u00ba 25-3\u00ba  &nbsp;&nbsp;46900 TORRENT-VALENCIA A nossa preocupa\u00e7\u00e3o priorit\u00e1ria \u00e9 a seguran\u00e7a do armazenamento de dados pessoais identific\u00e1veis dos utilizadores. Temos muito cuidado em transmitir dados do computador do utilizador para os nossos servidores.<\/span><span style=\"font-weight: 400;\"><br \/>\n<\/span><span style=\"font-weight: 400;\">Apenas os empregados que necessitam de acesso aos dados dos utilizadores para realizar o seu trabalho t\u00eam acesso aos mesmos. Qualquer empregado que viole as nossas pol\u00edticas de protec\u00e7\u00e3o e\/ou seguran\u00e7a de dados ser\u00e1 sujeito a ac\u00e7\u00e3o disciplinar.<\/span><\/p>\n<p><b>ACEITA\u00c7\u00c3O DESTAS CONDI\u00c7\u00d5ES<\/b><\/p>\n<p><span style=\"font-weight: 400;\">Ao utilizar este s\u00edtio web, assumimos que o utilizador leu atentamente este documento e compreendeu e seguiu os seus conselhos. Se n\u00e3o concordar com esta pol\u00edtica de protec\u00e7\u00e3o de dados ou com o conselho aqui dado, por favor n\u00e3o utilize o nosso s\u00edtio web. Reservamo-nos o direito de modificar estes Termos de Utiliza\u00e7\u00e3o conforme considerarmos necess\u00e1rio. O uso continuado deste e de outros websites JOSE MIGUEL MEDINA SILLA &nbsp;pelo utilizador ap\u00f3s a introdu\u00e7\u00e3o destas altera\u00e7\u00f5es implica a aceita\u00e7\u00e3o total das altera\u00e7\u00f5es.<\/span><\/p>\n<p><b>O que s\u00e3o Cookies?<\/b><\/p>\n<p><span style=\"font-weight: 400;\">Um cookie \u00e9 um ficheiro de texto que \u00e9 armazenado no seu computador. Os cookies armazenam pe\u00e7as de informa\u00e7\u00e3o que utilizamos para fazer o nosso s\u00edtio web funcionar. N\u00e3o podem executar qualquer c\u00f3digo e n\u00e3o cont\u00eam v\u00edrus. Ningu\u00e9m al\u00e9m de n\u00f3s pode ler os nossos cookies.<\/span><\/p>\n<p><b>Como utilizamos os Cookies?<\/b><\/p>\n<p><span style=\"font-weight: 400;\"> &nbsp; utiliza cookies para melhorar a sua experi\u00eancia no nosso s\u00edtio web. Para al\u00e9m disso:<\/span><\/p>\n<p><span style=\"font-weight: 400;\">Certos cookies s\u00e3o essenciais para o bom funcionamento do nosso website.<\/span><\/p>\n<p><span style=\"font-weight: 400;\">N\u00e3o seguimos as suas actividades pessoais quando n\u00e3o se encontra em <\/span><span style=\"font-weight: 400;\">www.elmundoclick.com<\/span><span style=\"font-weight: 400;\"> (a menos que clique numa aplica\u00e7\u00e3o em <\/span><span style=\"font-weight: 400;\">www.elmundoclick.com<\/span><span style=\"font-weight: 400;\"> fora da web).<\/span><\/p>\n<p><span style=\"font-weight: 400;\">Utilizamos cookies anal\u00edticos para nos ajudar a compreender que conte\u00fado \u00e9 mais \u00fatil para os nossos visitantes.<\/span><\/p>\n<p><b>Tipos de Cookies que utilizamos<\/b><\/p>\n<p><span style=\"font-weight: 400;\">Seguran\u00e7a: Estes cookies permitem-nos proteger o acesso \u00e0 sua conta&#8230;<\/span><\/p>\n<p><span style=\"font-weight: 400;\">An\u00e1lise: Rastreamos e analisamos as tend\u00eancias de tr\u00e1fego na web para identificar conte\u00fados populares ou potenciais problemas na web.<\/span><\/p>\n<p><span style=\"font-weight: 400;\">Publicidade: Utilizamos informa\u00e7\u00e3o n\u00e3o identific\u00e1vel sobre si para lhe mostrar publicidade no nosso website.<\/span><\/p>\n<p><b>As suas escolhas em rela\u00e7\u00e3o aos Cookies<\/b><\/p>\n<p><span style=\"font-weight: 400;\">Pode escolher que o seu computador o avise sempre que um cookie estiver a ser colocado, ou desactivar todos os cookies. Pode definir as suas prefer\u00eancias nas defini\u00e7\u00f5es do seu navegador. No entanto, como cada browser \u00e9 diferente, deve consultar o menu Ajuda do seu browser para saber como modificar os seus cookies. Se optar por desactivar os seus cookies, n\u00e3o ter\u00e1 acesso a muitas op\u00e7\u00f5es que poderiam melhorar a sua experi\u00eancia. Al\u00e9m disso, alguns dos nossos servi\u00e7os n\u00e3o funcionar\u00e3o correctamente.<\/span><\/p>\n<p><b>Garantias adicionais &#8211; Gest\u00e3o de bolachas:<\/b><\/p>\n<p><span style=\"font-weight: 400;\">Todos os navegadores da Internet permitem-lhe limitar o comportamento de um cookie ou desactivar cookies dentro das defini\u00e7\u00f5es ou op\u00e7\u00f5es do seu navegador. Os passos para o fazer s\u00e3o diferentes para cada browser, e as instru\u00e7\u00f5es podem ser encontradas no menu de ajuda do seu browser.<\/span><\/p>\n<p><span style=\"font-weight: 400;\">Muitos browsers permitem-lhe activar um modo privado em que os cookies s\u00e3o sempre apagados ap\u00f3s a visita. Dependendo do navegador, este modo privado pode ter nomes diferentes. Abaixo pode encontrar uma lista dos navegadores mais comuns com um link para as defini\u00e7\u00f5es de cookies e os diferentes nomes deste &#8220;modo privado&#8221;:<\/span><\/p>\n<ul>\n<li style=\"font-weight: 400;\"><span style=\"font-weight: 400;\">Internet Explorer 8 e superior; InPrivate<\/span><\/li>\n<li style=\"font-weight: 400;\"><span style=\"font-weight: 400;\">Safari 2 e superior; Navega\u00e7\u00e3o Privada<\/span><\/li>\n<li style=\"font-weight: 400;\"><span style=\"font-weight: 400;\">\u00d3pera 10.5 e superior; Navega\u00e7\u00e3o Privada<\/span><\/li>\n<li style=\"font-weight: 400;\"><span style=\"font-weight: 400;\">FireFox 3.5 e superior; Navega\u00e7\u00e3o Privada<\/span><\/li>\n<li style=\"font-weight: 400;\"><span style=\"font-weight: 400;\">Google Chrome 10 e superior; Incognito<\/span><\/li>\n<\/ul>\n","protected":false},"excerpt":{"rendered":"<p>CONDI\u00c7\u00d5ES GERAIS DE UTILIZA\u00c7\u00c3O E POL\u00cdTICA DE PROTEC\u00c7\u00c3O DE DADOS PESSOAIS Por favor leia atentamente estes termos de utiliza\u00e7\u00e3o antes de utilizar este website. Ao utilizar este website, o utilizador reconhece implicitamente que aceita os termos e condi\u00e7\u00f5es. Se n\u00e3o concordar com eles ou tiver quaisquer d\u00favidas, por favor n\u00e3o se registe ou utilize este [&hellip;]<\/p>\n","protected":false},"author":1,"featured_media":0,"parent":0,"menu_order":0,"comment_status":"closed","ping_status":"closed","template":"page-pagebuilder-title.php","meta":{"footnotes":""},"class_list":["post-42076","page","type-page","status-publish","hentry"],"_links":{"self":[{"href":"https:\/\/www.elmundoclick.com\/pt-pt\/wp-json\/wp\/v2\/pages\/42076","targetHints":{"allow":["GET"]}}],"collection":[{"href":"https:\/\/www.elmundoclick.com\/pt-pt\/wp-json\/wp\/v2\/pages"}],"about":[{"href":"https:\/\/www.elmundoclick.com\/pt-pt\/wp-json\/wp\/v2\/types\/page"}],"author":[{"embeddable":true,"href":"https:\/\/www.elmundoclick.com\/pt-pt\/wp-json\/wp\/v2\/users\/1"}],"replies":[{"embeddable":true,"href":"https:\/\/www.elmundoclick.com\/pt-pt\/wp-json\/wp\/v2\/comments?post=42076"}],"version-history":[{"count":0,"href":"https:\/\/www.elmundoclick.com\/pt-pt\/wp-json\/wp\/v2\/pages\/42076\/revisions"}],"wp:attachment":[{"href":"https:\/\/www.elmundoclick.com\/pt-pt\/wp-json\/wp\/v2\/media?parent=42076"}],"curies":[{"name":"wp","href":"https:\/\/api.w.org\/{rel}","templated":true}]}}