{"id":42041,"date":"2025-12-29T00:39:34","date_gmt":"2025-12-29T00:39:34","guid":{"rendered":"https:\/\/www.elmundoclick.com\/the-playmobil-lovers-web-videos-e-noticias\/"},"modified":"2022-09-25T10:39:18","modified_gmt":"2022-09-25T10:39:18","slug":"the-playmobil-lovers-web-videos-e-noticias","status":"publish","type":"page","link":"https:\/\/www.elmundoclick.com\/pt-pt\/","title":{"rendered":"The Playmobil Lovers&#8217; Web: V\u00eddeos e Not\u00edcias"},"content":{"rendered":"<div class=\"wpb-content-wrapper\"><p>[vc_row el_class=&#8221;td-ss-row&#8221;][vc_column][vc_column_text]<\/p>\n<div id=\"ez-toc-container\" class=\"ez-toc-v2_0_80 counter-hierarchy ez-toc-counter ez-toc-custom ez-toc-container-direction\">\n<p class=\"ez-toc-title\" style=\"cursor:inherit\">\u00cdndice<\/p>\n<label for=\"ez-toc-cssicon-toggle-item-69ec06611f9ac\" class=\"ez-toc-cssicon-toggle-label\"><span class=\"\"><span class=\"eztoc-hide\" style=\"display:none;\">Toggle<\/span><span class=\"ez-toc-icon-toggle-span\"><svg style=\"fill: #000000;color:#000000\" xmlns=\"http:\/\/www.w3.org\/2000\/svg\" class=\"list-377408\" width=\"20px\" height=\"20px\" viewBox=\"0 0 24 24\" fill=\"none\"><path d=\"M6 6H4v2h2V6zm14 0H8v2h12V6zM4 11h2v2H4v-2zm16 0H8v2h12v-2zM4 16h2v2H4v-2zm16 0H8v2h12v-2z\" fill=\"currentColor\"><\/path><\/svg><svg style=\"fill: #000000;color:#000000\" class=\"arrow-unsorted-368013\" xmlns=\"http:\/\/www.w3.org\/2000\/svg\" width=\"10px\" height=\"10px\" viewBox=\"0 0 24 24\" version=\"1.2\" baseProfile=\"tiny\"><path d=\"M18.2 9.3l-6.2-6.3-6.2 6.3c-.2.2-.3.4-.3.7s.1.5.3.7c.2.2.4.3.7.3h11c.3 0 .5-.1.7-.3.2-.2.3-.5.3-.7s-.1-.5-.3-.7zM5.8 14.7l6.2 6.3 6.2-6.3c.2-.2.3-.5.3-.7s-.1-.5-.3-.7c-.2-.2-.4-.3-.7-.3h-11c-.3 0-.5.1-.7.3-.2.2-.3.5-.3.7s.1.5.3.7z\"\/><\/svg><\/span><\/span><\/label><input type=\"checkbox\"  id=\"ez-toc-cssicon-toggle-item-69ec06611f9ac\"  aria-label=\"Toggle\" \/><nav><ul class='ez-toc-list ez-toc-list-level-1 ' ><li class='ez-toc-page-1 ez-toc-heading-level-1'><a class=\"ez-toc-link ez-toc-heading-1\" href=\"https:\/\/www.elmundoclick.com\/pt-pt\/#website_para_playmobil_e_fas_e_coleccionadores_de_brinquedos\" >Website para Playmobil e F\u00e3s e Coleccionadores de Brinquedos<\/a><ul class='ez-toc-list-level-2' ><li class='ez-toc-heading-level-2'><a class=\"ez-toc-link ez-toc-heading-2\" href=\"https:\/\/www.elmundoclick.com\/pt-pt\/#o_nosso_mais_recente_video_playmobil\" >O nosso mais recente v\u00eddeo Playmobil<\/a><\/li><li class='ez-toc-page-1 ez-toc-heading-level-2'><a class=\"ez-toc-link ez-toc-heading-3\" href=\"https:\/\/www.elmundoclick.com\/pt-pt\/#exposicoes\" >EXPOSI\u00c7\u00d5ES<\/a><\/li><li class='ez-toc-page-1 ez-toc-heading-level-2'><a class=\"ez-toc-link ez-toc-heading-4\" href=\"https:\/\/www.elmundoclick.com\/pt-pt\/#edicao_limitada\" >EDI\u00c7\u00c3O LIMITADA<\/a><\/li><li class='ez-toc-page-1 ez-toc-heading-level-2'><a class=\"ez-toc-link ez-toc-heading-5\" href=\"https:\/\/www.elmundoclick.com\/pt-pt\/#novidades\" >NOVIDADES<\/a><\/li><li class='ez-toc-page-1 ez-toc-heading-level-2'><a class=\"ez-toc-link ez-toc-heading-6\" href=\"https:\/\/www.elmundoclick.com\/pt-pt\/#desconhecimentos\" >DESCONHECIMENTOS<\/a><\/li><li class='ez-toc-page-1 ez-toc-heading-level-2'><a class=\"ez-toc-link ez-toc-heading-7\" href=\"https:\/\/www.elmundoclick.com\/pt-pt\/#west\" >WEST<\/a><\/li><li class='ez-toc-page-1 ez-toc-heading-level-2'><a class=\"ez-toc-link ez-toc-heading-8\" href=\"https:\/\/www.elmundoclick.com\/pt-pt\/#film\" >FILM<\/a><\/li><li class='ez-toc-page-1 ez-toc-heading-level-2'><a class=\"ez-toc-link ez-toc-heading-9\" href=\"https:\/\/www.elmundoclick.com\/pt-pt\/#policia\" >POL\u00cdCIA<\/a><\/li><li class='ez-toc-page-1 ez-toc-heading-level-2'><a class=\"ez-toc-link ez-toc-heading-10\" href=\"https:\/\/www.elmundoclick.com\/pt-pt\/#knights\" >KNIGHTS<\/a><\/li><li class='ez-toc-page-1 ez-toc-heading-level-2'><a class=\"ez-toc-link ez-toc-heading-11\" href=\"https:\/\/www.elmundoclick.com\/pt-pt\/#cars\" >CARS<\/a><\/li><li class='ez-toc-page-1 ez-toc-heading-level-2'><a class=\"ez-toc-link ez-toc-heading-12\" href=\"https:\/\/www.elmundoclick.com\/pt-pt\/#dwarfs\" >DWARFS<\/a><\/li><li class='ez-toc-page-1 ez-toc-heading-level-2'><a class=\"ez-toc-link ez-toc-heading-13\" href=\"https:\/\/www.elmundoclick.com\/pt-pt\/#porsches\" >PORSCHES<\/a><\/li><li class='ez-toc-page-1 ez-toc-heading-level-2'><a class=\"ez-toc-link ez-toc-heading-14\" href=\"https:\/\/www.elmundoclick.com\/pt-pt\/#envelopes\" >ENVELOPES<\/a><\/li><li class='ez-toc-page-1 ez-toc-heading-level-2'><a class=\"ez-toc-link ez-toc-heading-15\" href=\"https:\/\/www.elmundoclick.com\/pt-pt\/#personalizado\" >PERSONALIZADO<\/a><\/li><li class='ez-toc-page-1 ez-toc-heading-level-2'><a class=\"ez-toc-link ez-toc-heading-16\" href=\"https:\/\/www.elmundoclick.com\/pt-pt\/#catalogos\" >CAT\u00c1LOGOS<\/a><\/li><li class='ez-toc-page-1 ez-toc-heading-level-2'><a class=\"ez-toc-link ez-toc-heading-17\" href=\"https:\/\/www.elmundoclick.com\/pt-pt\/#dioramas\" >DIORAMAS<\/a><\/li><li class='ez-toc-page-1 ez-toc-heading-level-2'><a class=\"ez-toc-link ez-toc-heading-18\" href=\"https:\/\/www.elmundoclick.com\/pt-pt\/#playmobil_mexicano\" >PLAYMOBIL MEXICANO<\/a><\/li><li class='ez-toc-page-1 ez-toc-heading-level-2'><a class=\"ez-toc-link ez-toc-heading-19\" href=\"https:\/\/www.elmundoclick.com\/pt-pt\/#playmobil_argentina\" >PLAYMOBIL ARGENTINA<\/a><\/li><li class='ez-toc-page-1 ez-toc-heading-level-2'><a class=\"ez-toc-link ez-toc-heading-20\" href=\"https:\/\/www.elmundoclick.com\/pt-pt\/#playmobil_eua\" >PLAYMOBIL EUA<\/a><\/li><li class='ez-toc-page-1 ez-toc-heading-level-2'><a class=\"ez-toc-link ez-toc-heading-21\" href=\"https:\/\/www.elmundoclick.com\/pt-pt\/#um_pouco_de_historia_da_playmobil\" >Um pouco de hist\u00f3ria da Playmobil<\/a><\/li><li class='ez-toc-page-1 ez-toc-heading-level-2'><a class=\"ez-toc-link ez-toc-heading-22\" href=\"https:\/\/www.elmundoclick.com\/pt-pt\/#onde_comprar_playmobil_online\" >Onde comprar Playmobil Online<\/a><\/li><\/ul><\/li><\/ul><\/nav><\/div>\n<h1><span class=\"ez-toc-section\" id=\"website_para_playmobil_e_fas_e_coleccionadores_de_brinquedos\"><\/span>Website para Playmobil e F\u00e3s e Coleccionadores de Brinquedos<span class=\"ez-toc-section-end\"><\/span><\/h1>\n<p>[\/vc_column_text][vc_column_text]<\/p>\n<p style=\"text-align: justify;\">Se for  <strong>coleccionador ou f\u00e3 de playmobil<\/strong> este \u00e9 o seu website, pode tamb\u00e9m seguir-nos no nosso canal Youtube e ver o nosso  <strong>v\u00eddeos playmobil<\/strong> ou nas nossas redes sociais, onde vos apresentaremos os  <a href=\"https:\/\/www.elmundoclick.com\/category\/novedades-playmobil\/\"><br \/>\n  <strong>not\u00edcias playmobil<\/strong><br \/>\n<\/a> e o novo  <a href=\"https:\/\/www.elmundoclick.com\/todos-catalogos-playmobil\/\"><br \/>\n  <strong>cat\u00e1logos<\/strong><br \/>\n<\/a>, desencaixotar , o melhor  <strong>Lojas de brinquedos em linha<\/strong> e f\u00edsicas, jogos, v\u00eddeos, dioramas, descontinuados, cen\u00e1rios,  <strong><br \/>\n  <a href=\"https:\/\/elmundoclick.com\/sobres-playmobil-sorpresa\/\">envelopes surpresa<\/a><br \/>\n<\/strong> e onde  <strong><a href=\"https:\/\/www.elmundoclick.com\/pt-pt\/playmobil-online-shop\/\">comprar os playmobils mais baratos online<\/a> <\/strong>para completar a sua colec\u00e7\u00e3o ou fazer um presente.<\/p>\n<p>[\/vc_column_text][vc_column_text]<\/p>\n<h2><span class=\"ez-toc-section\" id=\"o_nosso_mais_recente_video_playmobil\"><\/span><strong>O nosso mais recente v\u00eddeo Playmobil<\/strong><span class=\"ez-toc-section-end\"><\/span><\/h2>\n<p>[\/vc_column_text][vc_video link=&#8221;https:\/\/www.youtube.com\/watch?v=dgDB1XWwMnc&#8221;][\/vc_column][\/vc_row][vc_row][vc_column width=&#8221;1\/3&#8243;][vc_column_text]<\/p>\n<h2 style=\"color: #3849ab; text-align: center;\"><span class=\"ez-toc-section\" id=\"exposicoes\"><\/span><strong><a href=\"https:\/\/www.elmundoclick.com\/category\/exposicion-playmobil\/\">EXPOSI\u00c7\u00d5ES<\/a><\/strong><span class=\"ez-toc-section-end\"><\/span><\/h2>\n<p>[\/vc_column_text][vc_single_image image=&#8221;3963&#8243; img_size=&#8221;full&#8221; alignment=&#8221;center&#8221; onclick=&#8221;custom_link&#8221; link=&#8221;https:%2F%2Fwww.elmundoclick.com%2Fcategory%2Fexposicion-playmobil%2F|&#8221;][\/vc_column][vc_column width=&#8221;1\/3&#8243;][vc_column_text]<\/p>\n<h2 style=\"color: #3849ab; text-align: center;\"><span class=\"ez-toc-section\" id=\"edicao_limitada\"><\/span><strong><a href=\"https:\/\/www.elmundoclick.com\/category\/playmobil-edicion-limitada\/\">EDI\u00c7\u00c3O LIMITADA<\/a><\/strong><span class=\"ez-toc-section-end\"><\/span><\/h2>\n<p>[\/vc_column_text][vc_single_image image=&#8221;3964&#8243; img_size=&#8221;full&#8221; alignment=&#8221;center&#8221; onclick=&#8221;custom_link&#8221; link=&#8221;https:%2F%2Fwww.elmundoclick.com%2Fcategory%2Fplaymobil-edicion-limitada%2F|&#8221;][\/vc_column][vc_column width=&#8221;1\/3&#8243;][vc_column_text]<\/p>\n<h2 style=\"color: #3849ab; text-align: center;\"><span class=\"ez-toc-section\" id=\"novidades\"><\/span><strong><a href=\"https:\/\/www.elmundoclick.com\/category\/novedades-playmobil\/\">NOVIDADES<\/a><\/strong><span class=\"ez-toc-section-end\"><\/span><\/h2>\n<p>[\/vc_column_text][vc_single_image image=&#8221;3965&#8243; img_size=&#8221;full&#8221; alignment=&#8221;center&#8221; onclick=&#8221;custom_link&#8221; link=&#8221;https:%2F%2Fwww.elmundoclick.com%2Fcategory%2Fnovedades-playmobil%2F|&#8221;][\/vc_column][\/vc_row][vc_row][vc_column width=&#8221;1\/3&#8243;][vc_column_text]<\/p>\n<h2 style=\"color: #3849ab; text-align: center;\"><span class=\"ez-toc-section\" id=\"desconhecimentos\"><\/span><strong><a href=\"https:\/\/www.elmundoclick.com\/category\/descuentos-playmobil\/\">DESCONHECIMENTOS<\/a><\/strong><span class=\"ez-toc-section-end\"><\/span><\/h2>\n<p>[\/vc_column_text][vc_single_image image=&#8221;2887&#8243; img_size=&#8221;full&#8221; alignment=&#8221;center&#8221; onclick=&#8221;custom_link&#8221; link=&#8221;https:%2F%2Fwww.elmundoclick.com%2Fcategory%2Fdescuentos-playmobil%2F|&#8221;][\/vc_column][vc_column width=&#8221;1\/3&#8243;][vc_column_text]<\/p>\n<h2 style=\"color: #3849ab; text-align: center;\"><span class=\"ez-toc-section\" id=\"west\"><\/span><strong><a href=\"https:\/\/www.elmundoclick.com\/category\/oeste-playmobil\/\">WEST<\/a><\/strong><span class=\"ez-toc-section-end\"><\/span><\/h2>\n<p>[\/vc_column_text][vc_single_image image=&#8221;2885&#8243; img_size=&#8221;full&#8221; alignment=&#8221;center&#8221; onclick=&#8221;custom_link&#8221; link=&#8221;https:%2F%2Fwww.elmundoclick.com%2Fcategory%2Foeste-playmobil%2F|&#8221;][\/vc_column][vc_column width=&#8221;1\/3&#8243;][vc_column_text]<\/p>\n<h2 style=\"color: #3849ab; text-align: center;\"><span class=\"ez-toc-section\" id=\"film\"><\/span><strong><a href=\"https:\/\/www.elmundoclick.com\/category\/playmobil-the-movie\/\">FILM<\/a><\/strong><span class=\"ez-toc-section-end\"><\/span><\/h2>\n<p>[\/vc_column_text][vc_single_image image=&#8221;2884&#8243; img_size=&#8221;full&#8221; alignment=&#8221;center&#8221; onclick=&#8221;custom_link&#8221; link=&#8221;https:%2F%2Fwww.elmundoclick.com%2Fcategory%2Fplaymobil-the-movie%2F|&#8221;][\/vc_column][\/vc_row][vc_row][vc_column width=&#8221;1\/3&#8243;][vc_column_text]<\/p>\n<h2 style=\"color: #3849ab; text-align: center;\"><span class=\"ez-toc-section\" id=\"policia\"><\/span><strong><a href=\"https:\/\/www.elmundoclick.com\/category\/policias-playmobil\/\">POL\u00cdCIA<\/a><\/strong><span class=\"ez-toc-section-end\"><\/span><\/h2>\n<p>[\/vc_column_text][vc_single_image image=&#8221;2881&#8243; img_size=&#8221;full&#8221; alignment=&#8221;center&#8221; onclick=&#8221;custom_link&#8221; link=&#8221;https:%2F%2Fwww.elmundoclick.com%2Fcategory%2Fpolicias-playmobil%2F|&#8221;][\/vc_column][vc_column width=&#8221;1\/3&#8243;][vc_column_text]<\/p>\n<h2 style=\"color: #3849ab; text-align: center;\"><span class=\"ez-toc-section\" id=\"knights\"><\/span><strong><a href=\"https:\/\/www.elmundoclick.com\/category\/caballleros-playmobil\/\">KNIGHTS<\/a><\/strong><span class=\"ez-toc-section-end\"><\/span><\/h2>\n<p>[\/vc_column_text][vc_single_image image=&#8221;2869&#8243; img_size=&#8221;full&#8221; alignment=&#8221;center&#8221; onclick=&#8221;custom_link&#8221; link=&#8221;https:%2F%2Fwww.elmundoclick.com%2Fcategory%2Fcaballleros-playmobil%2F|&#8221;][\/vc_column][vc_column width=&#8221;1\/3&#8243;][vc_column_text]<\/p>\n<h2 style=\"color: #3849ab; text-align: center;\"><span class=\"ez-toc-section\" id=\"cars\"><\/span><strong><a href=\"https:\/\/www.elmundoclick.com\/category\/coches-playmobil\/\">CARS<\/a><\/strong><span class=\"ez-toc-section-end\"><\/span><\/h2>\n<p>[\/vc_column_text][vc_single_image image=&#8221;2868&#8243; img_size=&#8221;full&#8221; alignment=&#8221;center&#8221; onclick=&#8221;custom_link&#8221; link=&#8221;https:%2F%2Fwww.elmundoclick.com%2Fcategory%2Fcoches-playmobil%2F|&#8221;][\/vc_column][\/vc_row][vc_row][vc_column width=&#8221;1\/3&#8243;][vc_column_text]<\/p>\n<h2 style=\"color: #3849ab; text-align: center;\"><span class=\"ez-toc-section\" id=\"dwarfs\"><\/span><strong><a href=\"https:\/\/www.elmundoclick.com\/category\/enanos-playmobil\/\">DWARFS<\/a><\/strong><span class=\"ez-toc-section-end\"><\/span><\/h2>\n<p>[\/vc_column_text][vc_single_image image=&#8221;2875&#8243; img_size=&#8221;full&#8221; alignment=&#8221;center&#8221; onclick=&#8221;custom_link&#8221; link=&#8221;https:%2F%2Fwww.elmundoclick.com%2Fcategory%2Fenanos-playmobil%2F|&#8221;][\/vc_column][vc_column width=&#8221;1\/3&#8243;][vc_column_text]<\/p>\n<h2 style=\"color: #3849ab; text-align: center;\"><span class=\"ez-toc-section\" id=\"porsches\"><\/span><strong><a href=\"https:\/\/www.elmundoclick.com\/category\/caballleros-playmobil\/\">PORSCHES<\/a><\/strong><span class=\"ez-toc-section-end\"><\/span><\/h2>\n<p>[\/vc_column_text][vc_single_image image=&#8221;2861&#8243; img_size=&#8221;full&#8221; alignment=&#8221;center&#8221; onclick=&#8221;custom_link&#8221; link=&#8221;https:%2F%2Fwww.elmundoclick.com%2Fcategory%2Fporsche-playmobil%2F|&#8221;][\/vc_column][vc_column width=&#8221;1\/3&#8243;][vc_column_text]<\/p>\n<h2 style=\"color: #3849ab; text-align: center;\"><span class=\"ez-toc-section\" id=\"envelopes\"><\/span><strong><a href=\"https:\/\/www.elmundoclick.com\/sobres-playmobil-sorpresa\/\">ENVELOPES<\/a><\/strong><span class=\"ez-toc-section-end\"><\/span><\/h2>\n<p>[\/vc_column_text][vc_single_image image=&#8221;2901&#8243; img_size=&#8221;full&#8221; alignment=&#8221;center&#8221; onclick=&#8221;custom_link&#8221; link=&#8221;https:%2F%2Fwww.elmundoclick.com%2Fsobres-playmobil-sorpresa%2F|&#8221;][\/vc_column][\/vc_row][vc_row][vc_column width=&#8221;1\/3&#8243;][vc_column_text]<\/p>\n<h2 style=\"color: #3849ab; text-align: center;\"><span class=\"ez-toc-section\" id=\"personalizado\"><\/span><strong><a href=\"https:\/\/www.elmundoclick.com\/category\/playmobil-personalizados-custom\/\">PERSONALIZADO<\/a><\/strong><span class=\"ez-toc-section-end\"><\/span><\/h2>\n<p>[\/vc_column_text][vc_single_image image=&#8221;1206&#8243; img_size=&#8221;&#8221; alignment=&#8221;center&#8221; onclick=&#8221;custom_link&#8221; link=&#8221;https:%2F%2Fwww.elmundoclick.com%2Fcategory%2Fplaymobil-personalizados-custom%2F|&#8221;][\/vc_column][vc_column width=&#8221;1\/3&#8243;][vc_column_text]<\/p>\n<h2 style=\"color: #3849ab; text-align: center;\"><span class=\"ez-toc-section\" id=\"catalogos\"><\/span><strong><a href=\"https:\/\/www.elmundoclick.com\/category\/catalogos-playmobil\/\">CAT\u00c1LOGOS<\/a><\/strong><span class=\"ez-toc-section-end\"><\/span><\/h2>\n<p>[\/vc_column_text][vc_single_image image=&#8221;6958&#8243; img_size=&#8221;&#8221; alignment=&#8221;center&#8221; onclick=&#8221;custom_link&#8221; link=&#8221;https:%2F%2Fwww.elmundoclick.com%2Fcategory%2Fcatalogos-playmobil%2F|&#8221;][\/vc_column][vc_column width=&#8221;1\/3&#8243;][vc_column_text]<\/p>\n<h2 style=\"color: #3849ab; text-align: center;\"><span class=\"ez-toc-section\" id=\"dioramas\"><\/span><strong><a href=\"https:\/\/www.elmundoclick.com\/category\/diorama-playmobil\/\">DIORAMAS<\/a><\/strong><span class=\"ez-toc-section-end\"><\/span><\/h2>\n<p>[\/vc_column_text][vc_single_image image=&#8221;4502&#8243; img_size=&#8221;full&#8221; alignment=&#8221;center&#8221; onclick=&#8221;custom_link&#8221; link=&#8221;https:%2F%2Fwww.elmundoclick.com%2Fcategory%2Fdiorama-playmobil%2F|&#8221;][\/vc_column][\/vc_row][vc_row][vc_column width=&#8221;1\/3&#8243;][vc_column_text]<\/p>\n<h2 style=\"color: #3849ab; text-align: center;\"><span class=\"ez-toc-section\" id=\"playmobil_mexicano\"><\/span><strong><a href=\"https:\/\/www.elmundoclick.com\/playmobil-aurimat-mexico\/\">PLAYMOBIL MEXICANO<\/a><\/strong><span class=\"ez-toc-section-end\"><\/span><\/h2>\n<p>[\/vc_column_text][vc_single_image image=&#8221;6469&#8243; img_size=&#8221;&#8221; alignment=&#8221;center&#8221; onclick=&#8221;custom_link&#8221; link=&#8221;https:%2F%2Fwww.elmundoclick.com%2Fplaymobil-aurimat-mexico%2F|&#8221;][\/vc_column][vc_column width=&#8221;1\/3&#8243;][vc_column_text]<\/p>\n<h2 style=\"color: #3849ab; text-align: center;\"><span class=\"ez-toc-section\" id=\"playmobil_argentina\"><\/span><strong><a href=\"https:\/\/www.elmundoclick.com\/playmobil-antex\/\">PLAYMOBIL ARGENTINA<\/a><\/strong><span class=\"ez-toc-section-end\"><\/span><\/h2>\n<p>[\/vc_column_text][vc_single_image image=&#8221;9525&#8243; img_size=&#8221;&#8221; alignment=&#8221;center&#8221; onclick=&#8221;custom_link&#8221; link=&#8221;https:%2F%2Fwww.elmundoclick.com%2Fplaymobil-antex%2F|&#8221;][\/vc_column][vc_column width=&#8221;1\/3&#8243;][vc_column_text]<\/p>\n<h2 style=\"color: #3849ab; text-align: center;\"><span class=\"ez-toc-section\" id=\"playmobil_eua\"><\/span><strong><a href=\"https:\/\/www.elmundoclick.com\/playmobil-usa\/\">PLAYMOBIL EUA<\/a><\/strong><span class=\"ez-toc-section-end\"><\/span><\/h2>\n<p>[\/vc_column_text][vc_single_image image=&#8221;423&#8243; img_size=&#8221;&#8221; alignment=&#8221;center&#8221; onclick=&#8221;custom_link&#8221; link=&#8221;https:%2F%2Fwww.elmundoclick.com%2Fplaymobil-usa%2F|&#8221;][\/vc_column][\/vc_row][vc_row][vc_column][vc_column_text]<\/p>\n<h2><span class=\"ez-toc-section\" id=\"um_pouco_de_historia_da_playmobil\"><\/span>Um pouco de hist\u00f3ria da Playmobil<span class=\"ez-toc-section-end\"><\/span><\/h2>\n<p style=\"text-align: left;\">Desde que a  <strong>playmobils foram criadas em 1974,<\/strong> onde foram apresentadas ao p\u00fablico pela primeira vez na feira de Nuremberga, a  <em><br \/>\n  <strong>Cliques de Playmobil<\/strong><br \/>\n<\/em> resistiram ao teste do tempo melhor do que n\u00f3s xD e acompanharam v\u00e1rias gera\u00e7\u00f5es deixando a sua marca na nossa inf\u00e2ncia, pelo menos na minha. \u00c9 por isso que cri\u00e1mos este website playmobil n\u00e3o oficial para divulgar o nosso amor pelos cliques e para <em>manter tanto os f\u00e3s como os coleccionadores informados sobre as \u00faltimas not\u00edcias playmobil<\/em>.<\/p>\n<h2><span class=\"ez-toc-section\" id=\"onde_comprar_playmobil_online\"><\/span>Onde comprar Playmobil Online<span class=\"ez-toc-section-end\"><\/span><\/h2>\n<p>Temos uma sec\u00e7\u00e3o onde recolhemos todos os <a href=\"https:\/\/www.elmundoclick.com\/mejores-tiendas-comprar-playmobil-espana\/\"><br \/>\n  <strong>lojas que vendem playmobil em Espanha<\/strong><br \/>\n<\/a> e damos a nossa opini\u00e3o, tamb\u00e9m cri\u00e1mos uma <strong>loja online com produtos playmobil e <\/strong>outras fricadas para coleccionadores, <a href=\"https:\/\/www.elmundoclick.com\/pt-pt\/playmobil-online-shop\/t-shirts-playmobil\/\"><br \/>\n  <strong>t-shirts<\/strong><br \/>\n<\/a>prateleiras, prateleiras, livros. Espero que goste[\/vc_column_text][\/vc_column][\/vc_row]<\/p>\n<\/div>","protected":false},"excerpt":{"rendered":"<p>[vc_row el_class=&#8221;td-ss-row&#8221;][vc_column][vc_column_text] Website para Playmobil e F\u00e3s e Coleccionadores de Brinquedos [\/vc_column_text][vc_column_text] Se for coleccionador ou f\u00e3 de playmobil este \u00e9 o seu website, pode tamb\u00e9m seguir-nos no nosso canal Youtube e ver o nosso v\u00eddeos playmobil ou nas nossas redes sociais, onde vos apresentaremos os not\u00edcias playmobil e o novo cat\u00e1logos , desencaixotar , [&hellip;]<\/p>\n","protected":false},"author":1,"featured_media":10551,"parent":0,"menu_order":0,"comment_status":"open","ping_status":"closed","template":"","meta":{"footnotes":""},"class_list":["post-42041","page","type-page","status-publish","has-post-thumbnail","hentry"],"_links":{"self":[{"href":"https:\/\/www.elmundoclick.com\/pt-pt\/wp-json\/wp\/v2\/pages\/42041","targetHints":{"allow":["GET"]}}],"collection":[{"href":"https:\/\/www.elmundoclick.com\/pt-pt\/wp-json\/wp\/v2\/pages"}],"about":[{"href":"https:\/\/www.elmundoclick.com\/pt-pt\/wp-json\/wp\/v2\/types\/page"}],"author":[{"embeddable":true,"href":"https:\/\/www.elmundoclick.com\/pt-pt\/wp-json\/wp\/v2\/users\/1"}],"replies":[{"embeddable":true,"href":"https:\/\/www.elmundoclick.com\/pt-pt\/wp-json\/wp\/v2\/comments?post=42041"}],"version-history":[{"count":0,"href":"https:\/\/www.elmundoclick.com\/pt-pt\/wp-json\/wp\/v2\/pages\/42041\/revisions"}],"wp:featuredmedia":[{"embeddable":true,"href":"https:\/\/www.elmundoclick.com\/pt-pt\/wp-json\/wp\/v2\/media\/10551"}],"wp:attachment":[{"href":"https:\/\/www.elmundoclick.com\/pt-pt\/wp-json\/wp\/v2\/media?parent=42041"}],"curies":[{"name":"wp","href":"https:\/\/api.w.org\/{rel}","templated":true}]}}