{"id":42055,"date":"2019-10-22T14:06:35","date_gmt":"2019-10-22T14:06:35","guid":{"rendered":"https:\/\/www.elmundoclick.com\/novita-e-giocattoli-playmobil\/"},"modified":"2022-06-29T15:08:18","modified_gmt":"2022-06-29T15:08:18","slug":"novita-e-giocattoli-playmobil","status":"publish","type":"page","link":"https:\/\/www.elmundoclick.com\/it\/novita-e-giocattoli-playmobil\/","title":{"rendered":"Novit\u00e0 e giocattoli Playmobil"},"content":{"rendered":"<div class=\"wpb-content-wrapper\"><p>[vc_row][vc_column][vc_column_text]<\/p>\n<div id=\"ez-toc-container\" class=\"ez-toc-v2_0_82_2 counter-hierarchy ez-toc-counter ez-toc-custom ez-toc-container-direction\">\n<p class=\"ez-toc-title\" style=\"cursor:inherit\">\u00cdndice<\/p>\n<label for=\"ez-toc-cssicon-toggle-item-69f4de6719819\" class=\"ez-toc-cssicon-toggle-label\"><span class=\"\"><span class=\"eztoc-hide\" style=\"display:none;\">Toggle<\/span><span class=\"ez-toc-icon-toggle-span\"><svg style=\"fill: #000000;color:#000000\" xmlns=\"http:\/\/www.w3.org\/2000\/svg\" class=\"list-377408\" width=\"20px\" height=\"20px\" viewBox=\"0 0 24 24\" fill=\"none\"><path d=\"M6 6H4v2h2V6zm14 0H8v2h12V6zM4 11h2v2H4v-2zm16 0H8v2h12v-2zM4 16h2v2H4v-2zm16 0H8v2h12v-2z\" fill=\"currentColor\"><\/path><\/svg><svg style=\"fill: #000000;color:#000000\" class=\"arrow-unsorted-368013\" xmlns=\"http:\/\/www.w3.org\/2000\/svg\" width=\"10px\" height=\"10px\" viewBox=\"0 0 24 24\" version=\"1.2\" baseProfile=\"tiny\"><path d=\"M18.2 9.3l-6.2-6.3-6.2 6.3c-.2.2-.3.4-.3.7s.1.5.3.7c.2.2.4.3.7.3h11c.3 0 .5-.1.7-.3.2-.2.3-.5.3-.7s-.1-.5-.3-.7zM5.8 14.7l6.2 6.3 6.2-6.3c.2-.2.3-.5.3-.7s-.1-.5-.3-.7c-.2-.2-.4-.3-.7-.3h-11c-.3 0-.5.1-.7.3-.2.2-.3.5-.3.7s.1.5.3.7z\"\/><\/svg><\/span><\/span><\/label><input type=\"checkbox\"  id=\"ez-toc-cssicon-toggle-item-69f4de6719819\"  aria-label=\"Toggle\" \/><nav><ul class='ez-toc-list ez-toc-list-level-1 ' ><li class='ez-toc-page-1 ez-toc-heading-level-1'><a class=\"ez-toc-link ez-toc-heading-1\" href=\"https:\/\/www.elmundoclick.com\/it\/novita-e-giocattoli-playmobil\/#ultime_notizie_su_giocattoli_e_playmobil\" >Ultime notizie su giocattoli e Playmobil<\/a><ul class='ez-toc-list-level-4' ><li class='ez-toc-heading-level-4'><ul class='ez-toc-list-level-4' ><li class='ez-toc-heading-level-4'><ul class='ez-toc-list-level-4' ><li class='ez-toc-heading-level-4'><a class=\"ez-toc-link ez-toc-heading-2\" href=\"https:\/\/www.elmundoclick.com\/it\/novita-e-giocattoli-playmobil\/#ultimos_articulos\" >\u00daltimos Articulos<\/a><\/li><\/ul><\/li><\/ul><\/li><li class='ez-toc-page-1 ez-toc-heading-level-2'><a class=\"ez-toc-link ez-toc-heading-3\" href=\"https:\/\/www.elmundoclick.com\/it\/novita-e-giocattoli-playmobil\/#il_vostro_playmobil_wikipedia\" >Il vostro Playmobil Wikipedia<\/a><\/li><\/ul><\/li><\/ul><\/nav><\/div>\n<h1 style=\"color: #3849ab;\"><span class=\"ez-toc-section\" id=\"ultime_notizie_su_giocattoli_e_playmobil\"><\/span>Ultime notizie su giocattoli e Playmobil<span class=\"ez-toc-section-end\"><\/span><\/h1>\n<p>[\/vc_column_text]<div class=\"td_block_wrap td_block_12 td_uid_1_69f4de6711162_rand td_with_ajax_pagination td-pb-border-top\"  data-td-block-uid=\"td_uid_1_69f4de6711162\" ><script>var block_td_uid_1_69f4de6711162 = new tdBlock();\nblock_td_uid_1_69f4de6711162.id = \"td_uid_1_69f4de6711162\";\nblock_td_uid_1_69f4de6711162.atts = '{\"limit\":\"10\",\"sort\":\"\",\"post_ids\":\"\",\"tag_slug\":\"\",\"autors_id\":\"\",\"installed_post_types\":\"\",\"category_id\":\"\",\"category_ids\":\"\",\"custom_title\":\"\\u00daltimos Articulos\",\"custom_url\":\"\",\"show_child_cat\":\"\",\"sub_cat_ajax\":\"\",\"ajax_pagination\":\"infinite\",\"header_color\":\"\",\"header_text_color\":\"\",\"ajax_pagination_infinite_stop\":\"\",\"td_column_number\":1,\"td_ajax_preloading\":\"preload\",\"td_ajax_filter_type\":\"td_category_ids_filter\",\"td_ajax_filter_ids\":\"\",\"td_filter_default_txt\":\"All\",\"color_preset\":\"\",\"border_top\":\"\",\"class\":\"td_uid_1_69f4de6711162_rand\",\"el_class\":\"\",\"offset\":\"\",\"css\":\"\",\"tdc_css\":\"\",\"tdc_css_class\":\"td_uid_1_69f4de6711162_rand\",\"live_filter\":\"\",\"live_filter_cur_post_id\":\"\",\"live_filter_cur_post_author\":\"\"}';\nblock_td_uid_1_69f4de6711162.td_column_number = \"1\";\nblock_td_uid_1_69f4de6711162.block_type = \"td_block_12\";\nblock_td_uid_1_69f4de6711162.post_count = \"0\";\nblock_td_uid_1_69f4de6711162.found_posts = \"0\";\nblock_td_uid_1_69f4de6711162.header_color = \"\";\nblock_td_uid_1_69f4de6711162.ajax_pagination_infinite_stop = \"\";\nblock_td_uid_1_69f4de6711162.max_num_pages = \"0\";\ntdBlocksArray.push(block_td_uid_1_69f4de6711162);\n<\/script>            <script>\r\n                var tmpObj = JSON.parse(JSON.stringify(block_td_uid_1_69f4de6711162));\r\n                tmpObj.is_ajax_running = true;\r\n                var currentBlockObjSignature = JSON.stringify(tmpObj);\r\n                tdLocalCache.set(currentBlockObjSignature, JSON.stringify({\"td_data\":\"\",\"td_block_id\":\"td_uid_1_69f4de6711162\",\"td_hide_prev\":true,\"td_hide_next\":true}));\r\n                            <\/script>\r\n            <div class=\"td-block-title-wrap\"><h4 class=\"block-title\"><span class=\"ez-toc-section\" id=\"ultimos_articulos\"><\/span><span>\u00daltimos Articulos<\/span><span class=\"ez-toc-section-end\"><\/span><\/h4><div class=\"td-subcat-filter\" id=\"td_pulldown_td_uid_1_69f4de6711162\"><ul class=\"td-subcat-list\" id=\"td_pulldown_td_uid_1_69f4de6711162_list\"><li class=\"td-subcat-item\"><a class=\"td-subcat-link\" id=\"td_uid_2_69f4de6714fa1\" data-td_filter_value=\"\" data-td_block_id=\"td_uid_1_69f4de6711162\" href=\"#\">All<\/a><\/li><\/ul><div class=\"td-subcat-dropdown\"><div class=\"td-subcat-more\" aria-haspopup=\"true\"><span>More<\/span><i class=\"td-icon-read-down\"><\/i><\/div><ul class=\"td-pulldown-filter-list\"><\/ul><\/div><\/div><\/div><div id=td_uid_1_69f4de6711162 class=\"td_block_inner\"><\/div><\/div> <!-- .\/block -->[vc_column_text]<\/p>\n<h2 style=\"color: #3849ab;\"><span class=\"ez-toc-section\" id=\"il_vostro_playmobil_wikipedia\"><\/span>Il vostro Playmobil Wikipedia<span class=\"ez-toc-section-end\"><\/span><\/h2>\n<p>\u00c8 il luogo in cui la comunit\u00e0 internazionale di Playmobil, sia gli appassionati che i collezionisti, possono condividere notizie, novit\u00e0, i loro set e playmobil personalizzati o diorami e mostre <strong>Scopri il nostro canale youtube!<\/strong> Vi assicuriamo che ci sar\u00e0 un prima e un dopo e non vi perderete nulla del mondo playmobil.[\/vc_column_text][\/vc_column][\/vc_row]<\/p>\n<\/div>","protected":false},"excerpt":{"rendered":"<p>[vc_row][vc_column][vc_column_text] Ultime notizie su giocattoli e Playmobil [\/vc_column_text][vc_column_text] Il vostro Playmobil Wikipedia \u00c8 il luogo in cui la comunit\u00e0 internazionale di Playmobil, sia gli appassionati che i collezionisti, possono condividere notizie, novit\u00e0, i loro set e playmobil personalizzati o diorami e mostre Scopri il nostro canale youtube! Vi assicuriamo che ci sar\u00e0 un prima e [&hellip;]<\/p>\n","protected":false},"author":1,"featured_media":0,"parent":0,"menu_order":0,"comment_status":"closed","ping_status":"closed","template":"","meta":{"footnotes":""},"class_list":["post-42055","page","type-page","status-publish","hentry"],"_links":{"self":[{"href":"https:\/\/www.elmundoclick.com\/it\/wp-json\/wp\/v2\/pages\/42055","targetHints":{"allow":["GET"]}}],"collection":[{"href":"https:\/\/www.elmundoclick.com\/it\/wp-json\/wp\/v2\/pages"}],"about":[{"href":"https:\/\/www.elmundoclick.com\/it\/wp-json\/wp\/v2\/types\/page"}],"author":[{"embeddable":true,"href":"https:\/\/www.elmundoclick.com\/it\/wp-json\/wp\/v2\/users\/1"}],"replies":[{"embeddable":true,"href":"https:\/\/www.elmundoclick.com\/it\/wp-json\/wp\/v2\/comments?post=42055"}],"version-history":[{"count":0,"href":"https:\/\/www.elmundoclick.com\/it\/wp-json\/wp\/v2\/pages\/42055\/revisions"}],"wp:attachment":[{"href":"https:\/\/www.elmundoclick.com\/it\/wp-json\/wp\/v2\/media?parent=42055"}],"curies":[{"name":"wp","href":"https:\/\/api.w.org\/{rel}","templated":true}]}}