{"id":42052,"date":"2017-07-24T22:06:47","date_gmt":"2017-07-24T22:06:47","guid":{"rendered":"https:\/\/www.elmundoclick.com\/informativa-sulla-privacy-e-cookie\/"},"modified":"2022-06-29T15:08:11","modified_gmt":"2022-06-29T15:08:11","slug":"informativa-sulla-privacy-e-cookie","status":"publish","type":"page","link":"https:\/\/www.elmundoclick.com\/it\/informativa-sulla-privacy-e-cookie\/","title":{"rendered":"Informativa sulla privacy e cookie"},"content":{"rendered":"<p><b>CONDIZIONI GENERALI DI UTILIZZO E POLITICA DI PROTEZIONE DEI DATI PERSONALI<\/b><\/p>\n<p><span style=\"font-weight: 400;\">Si prega di leggere attentamente le presenti condizioni d&#8217;uso prima di utilizzare questo sito web. Utilizzando questo sito web, l&#8217;utente riconosce implicitamente di accettare i termini e le condizioni. Se non siete d&#8217;accordo o avete dei dubbi, non registratevi e non utilizzate questo sito web.<\/span><\/p>\n<p><b>POLITICA DI PROTEZIONE DEI DATI<\/b><\/p>\n<p><span style=\"font-weight: 400;\">Lo scopo principale del sito www.elmundoclick.com , \u00e8 quello di informare e fornire informazioni ai cittadini sui servizi di&#8230; JOSE MIGUEL MEDINA SILLA  <\/span><span style=\"font-weight: 400;\"><br \/>\n<\/span><span style=\"font-weight: 400;\">JOSE MIGUEL MEDINA SILLA &nbsp;si assume gli obblighi di legge in materia di protezione dei dati personali, in particolare per quanto riguarda:<\/span><span style=\"font-weight: 400;\"><br \/>\n<\/span><span style=\"font-weight: 400;\">a) L&#8217;esistenza di archivi o trattamenti di dati personali.<\/span><span style=\"font-weight: 400;\"><br \/>\n<\/span><span style=\"font-weight: 400;\">b) Lo scopo della raccolta dei dati.<\/span><span style=\"font-weight: 400;\"><br \/>\n<\/span><span style=\"font-weight: 400;\">(c) i destinatari delle informazioni.<\/span><span style=\"font-weight: 400;\"><br \/>\n<\/span><span style=\"font-weight: 400;\">d) La natura facoltativa o obbligatoria delle domande che poniamo.<\/span><span style=\"font-weight: 400;\"><br \/>\n<\/span><span style=\"font-weight: 400;\">(e) le conseguenze dell&#8217;ottenimento dei dati o del rifiuto di fornirli.<\/span><span style=\"font-weight: 400;\"><br \/>\n<\/span><span style=\"font-weight: 400;\">f) la possibilit\u00e0 di esercitare i diritti di accesso, rettifica, cancellazione e opposizione.<\/span><span style=\"font-weight: 400;\"><br \/>\n<\/span><span style=\"font-weight: 400;\">(g) l&#8217;identit\u00e0 e l&#8217;indirizzo del responsabile del trattamento o, se del caso, del suo rappresentante.<\/span><span style=\"font-weight: 400;\"><br \/>\n<\/span><span style=\"font-weight: 400;\"><br \/>\n<\/span><span style=\"font-weight: 400;\">JOSE MIGUEL MEDINA SILLA &nbsp;desidera che l&#8217;utente disponga di informazioni adeguate per decidere espressamente, liberamente e volontariamente se desidera fornire i propri dati nella forma richiesta. Gli utenti sono informati che i loro dati saranno inseriti in un archivio automatizzato di cui \u00e8 responsabile JOSE MIGUEL MEDINA SILLA.<\/span><\/p>\n<p><span style=\"font-weight: 400;\">Se non diversamente indicato in ciascun caso, i dati raccolti nei moduli sono necessari e obbligatori per poter accedere e fornire i servizi stabiliti nel sito web. L&#8217;utente \u00e8 tenuto a compilare i moduli con dati veritieri, accurati e completi, rispondendo di eventuali danni che potrebbero derivare in caso di compilazione difettosa, con dati falsi, imprecisi, incompleti o non aggiornati.<\/span><\/p>\n<p><span style=\"font-weight: 400;\">JOSE MIGUEL MEDINA SILLA &nbsp;si impegna ad adottare i livelli di sicurezza per la protezione dei dati personali richiesti dalla normativa vigente, installando le misure tecniche e organizzative necessarie a prevenire la perdita, l&#8217;abuso, l&#8217;alterazione, l&#8217;accesso non autorizzato e altri possibili rischi. JOSE MIGUEL MEDINA SILLA si impegna inoltre a rispettare l&#8217;obbligo di segretezza dei dati contenuti negli archivi automatizzati previsto dalla normativa vigente.<\/span><span style=\"font-weight: 400;\"><br \/>\n<\/span><span style=\"font-weight: 400;\">L&#8217;utente o la persona che lo rappresenta pu\u00f2 esercitare in qualsiasi momento il suo diritto di accesso, rettifica, cancellazione e, se del caso, opposizione, in conformit\u00e0 con le disposizioni della Legge Organica sulla Protezione dei Dati e di altri regolamenti applicabili, inviando una comunicazione scritta al Gestore dei File, indicando il proprio nome e numero di carta d&#8217;identit\u00e0, all&#8217;indirizzo c\/.<\/span> <span style=\"font-weight: 400;\">AVDA. AL VEDAT, N\u00ba 25-3\u00ba  &nbsp;&nbsp;46900 TORRENT-VALENCIA La nostra preoccupazione prioritaria \u00e8 la sicurezza della conservazione dei dati personali degli utenti. Prestiamo molta attenzione alla trasmissione dei dati dal computer dell&#8217;utente ai nostri server.<\/span><span style=\"font-weight: 400;\"><br \/>\n<\/span><span style=\"font-weight: 400;\">Solo i dipendenti che hanno bisogno di accedere ai dati dell&#8217;utente per svolgere il proprio lavoro possono accedervi. I dipendenti che violano le nostre politiche di protezione dei dati e\/o di sicurezza saranno soggetti ad azioni disciplinari.<\/span><\/p>\n<p><b>ACCETTAZIONE DELLE PRESENTI CONDIZIONI<\/b><\/p>\n<p><span style=\"font-weight: 400;\">L&#8217;utilizzo di questo sito web presuppone che l&#8217;utente abbia letto attentamente il presente documento e ne abbia compreso e seguito i consigli. Se non siete d&#8217;accordo con la presente informativa sulla protezione dei dati o con i consigli ivi contenuti, siete pregati di non utilizzare il nostro sito web. Ci riserviamo il diritto di modificare le presenti condizioni di utilizzo qualora lo ritenessimo necessario. L&#8217;uso continuato di questo e di altri siti web di JOSE MIGUEL MEDINA SILLA &nbsp;da parte dell&#8217;utente dopo l&#8217;introduzione di tali modifiche implica la piena accettazione delle stesse.<\/span><\/p>\n<p><b>Cosa sono i cookie?<\/b><\/p>\n<p><span style=\"font-weight: 400;\">Un cookie \u00e8 un file di testo che viene memorizzato sul vostro computer. I cookie memorizzano informazioni che utilizziamo per far funzionare il nostro sito web. Non possono eseguire alcun codice e non contengono virus. Solo noi possiamo leggere i nostri cookie.<\/span><\/p>\n<p><b>Come utilizziamo i cookie?<\/b><\/p>\n<p><span style=\"font-weight: 400;\">www.elmundoclick.com &nbsp;utilizza i cookie per migliorare la vostra esperienza sul nostro sito web. Inoltre:<\/span><\/p>\n<p><span style=\"font-weight: 400;\">Alcuni cookie sono essenziali per il corretto funzionamento del nostro sito web.<\/span><\/p>\n<p><span style=\"font-weight: 400;\">Non seguiamo le vostre attivit\u00e0 personali quando non siete a <\/span><span style=\"font-weight: 400;\">www.elmundoclick.com<\/span><span style=\"font-weight: 400;\"> (a meno che non si faccia clic su un&#8217;applicazione in <\/span><span style=\"font-weight: 400;\">www.elmundoclick.com<\/span><span style=\"font-weight: 400;\"> dal web).<\/span><\/p>\n<p><span style=\"font-weight: 400;\">Utilizziamo i cookie analitici per aiutarci a capire quali contenuti sono pi\u00f9 utili ai nostri visitatori.<\/span><\/p>\n<p><b>Tipi di cookie che utilizziamo<\/b><\/p>\n<p><span style=\"font-weight: 400;\">Sicurezza: questi cookie ci permettono di proteggere l&#8217;accesso al vostro account&#8230;<\/span><\/p>\n<p><span style=\"font-weight: 400;\">Analytics: tracciamo e analizziamo le tendenze del traffico web per identificare i contenuti pi\u00f9 popolari o i potenziali problemi del web.<\/span><\/p>\n<p><span style=\"font-weight: 400;\">Pubblicit\u00e0: utilizziamo informazioni non identificabili sull&#8217;utente per mostrargli pubblicit\u00e0 sul nostro sito web.<\/span><\/p>\n<p><b>Le vostre scelte in materia di cookie<\/b><\/p>\n<p><span style=\"font-weight: 400;\">Potete scegliere di farvi avvisare dal vostro computer ogni volta che viene impostato un cookie o di disabilitare tutti i cookie. \u00c8 possibile impostare le preferenze nelle impostazioni del browser. Tuttavia, poich\u00e9 ogni browser \u00e8 diverso dall&#8217;altro, \u00e8 necessario consultare il menu Aiuto del browser per scoprire come modificare i cookie. Se si sceglie di disabilitare i cookie, non si avr\u00e0 accesso a molte opzioni che potrebbero migliorare la propria esperienza. Inoltre, alcuni dei nostri servizi non funzioneranno correttamente.<\/span><\/p>\n<p><b>Ulteriori garanzie &#8211; Gestione dei cookie:<\/b><\/p>\n<p><span style=\"font-weight: 400;\">Tutti i browser Internet consentono di limitare il comportamento di un cookie o di disabilitare i cookie all&#8217;interno delle impostazioni o delle opzioni del browser. La procedura da seguire \u00e8 diversa per ogni browser e le istruzioni si trovano nel menu di aiuto del browser.<\/span><\/p>\n<p><span style=\"font-weight: 400;\">Molti browser consentono di attivare una modalit\u00e0 privata in cui i cookie vengono sempre cancellati dopo la visita. A seconda del browser, questa modalit\u00e0 privata pu\u00f2 avere nomi diversi. Di seguito \u00e8 riportato un elenco dei browser pi\u00f9 comuni con un link alle impostazioni dei cookie e ai diversi nomi di questa &#8220;modalit\u00e0 privata&#8221;:<\/span><\/p>\n<ul>\n<li style=\"font-weight: 400;\"><span style=\"font-weight: 400;\">Internet Explorer 8 e successivi; InPrivate<\/span><\/li>\n<li style=\"font-weight: 400;\"><span style=\"font-weight: 400;\">Safari 2 e successivi; Navigazione privata<\/span><\/li>\n<li style=\"font-weight: 400;\"><span style=\"font-weight: 400;\">Opera 10.5 e versioni successive; Navigazione privata<\/span><\/li>\n<li style=\"font-weight: 400;\"><span style=\"font-weight: 400;\">FireFox 3.5 o superiore; Navigazione privata<\/span><\/li>\n<li style=\"font-weight: 400;\"><span style=\"font-weight: 400;\">Google Chrome 10 e versioni successive; Incognito<\/span><\/li>\n<\/ul>\n","protected":false},"excerpt":{"rendered":"<p>CONDIZIONI GENERALI DI UTILIZZO E POLITICA DI PROTEZIONE DEI DATI PERSONALI Si prega di leggere attentamente le presenti condizioni d&#8217;uso prima di utilizzare questo sito web. Utilizzando questo sito web, l&#8217;utente riconosce implicitamente di accettare i termini e le condizioni. Se non siete d&#8217;accordo o avete dei dubbi, non registratevi e non utilizzate questo sito [&hellip;]<\/p>\n","protected":false},"author":1,"featured_media":0,"parent":0,"menu_order":0,"comment_status":"closed","ping_status":"closed","template":"page-pagebuilder-title.php","meta":{"footnotes":""},"class_list":["post-42052","page","type-page","status-publish","hentry"],"_links":{"self":[{"href":"https:\/\/www.elmundoclick.com\/it\/wp-json\/wp\/v2\/pages\/42052","targetHints":{"allow":["GET"]}}],"collection":[{"href":"https:\/\/www.elmundoclick.com\/it\/wp-json\/wp\/v2\/pages"}],"about":[{"href":"https:\/\/www.elmundoclick.com\/it\/wp-json\/wp\/v2\/types\/page"}],"author":[{"embeddable":true,"href":"https:\/\/www.elmundoclick.com\/it\/wp-json\/wp\/v2\/users\/1"}],"replies":[{"embeddable":true,"href":"https:\/\/www.elmundoclick.com\/it\/wp-json\/wp\/v2\/comments?post=42052"}],"version-history":[{"count":0,"href":"https:\/\/www.elmundoclick.com\/it\/wp-json\/wp\/v2\/pages\/42052\/revisions"}],"wp:attachment":[{"href":"https:\/\/www.elmundoclick.com\/it\/wp-json\/wp\/v2\/media?parent=42052"}],"curies":[{"name":"wp","href":"https:\/\/api.w.org\/{rel}","templated":true}]}}