{"id":42117,"date":"2017-07-25T00:01:37","date_gmt":"2017-07-25T00:01:37","guid":{"rendered":"https:\/\/www.elmundoclick.com\/avis-juridique\/"},"modified":"2017-07-25T00:01:37","modified_gmt":"2017-07-25T00:01:37","slug":"avis-juridique","status":"publish","type":"page","link":"https:\/\/www.elmundoclick.com\/fr\/avis-juridique\/","title":{"rendered":"Avis juridique"},"content":{"rendered":"<p>AVIS L\u00c9GAL<br \/>\n1. l&#8217;identit\u00e9 du propri\u00e9taire de ce site&nbsp;.<br \/>\nConform\u00e9ment \u00e0 la loi 34\/2002, du 11 juillet, sur les services de la soci\u00e9t\u00e9 de l&#8217;information et le commerce \u00e9lectronique, nous vous informons que le propri\u00e9taire de&nbsp;www.elmundoclick.com&nbsp;est JOSE MIGUEL MEDINA SILLA.<br \/>\nCE SITE N&#8217;EST PAS UN SITE OFFICIEL DE PLAYMOBIL. SIMPLEMENT LE SITE D&#8217;UN FAN ET COLLECTIONNEUR DE CES JOUETS.<br \/>\nAdresse :<br \/>\nc\/. AVDA. AL VEDAT, N\u00ba 25-3\u00ba 46900 TORRENT-VALENCIA<br \/>\nCourriel :<br \/>\njosemiguelconsultor@gmail.com<br \/>\n2.&nbsp;Conditions g\u00e9n\u00e9rales d&#8217;utilisation de ce site web<br \/>\nL&#8217;acc\u00e8s \u00e0 ce site vous conf\u00e8re la qualit\u00e9 d'&#8221;Utilisateur&#8221;, impliquant votre acceptation expresse et sans r\u00e9serve des conditions g\u00e9n\u00e9rales qui sont publi\u00e9es sur&nbsp;www.elmundoclick.com&nbsp;au moment o\u00f9 vous acc\u00e9dez au site. Par cons\u00e9quent, l&#8217;utilisateur doit lire les pr\u00e9sentes conditions g\u00e9n\u00e9rales d&#8217;utilisation chaque fois qu&#8217;il a l&#8217;intention d&#8217;acc\u00e9der et, le cas \u00e9ch\u00e9ant, d&#8217;utiliser les services fournis par ce site web, car elles peuvent subir des modifications.<br \/>\n2.1. &#8211; Objet et champ d&#8217;application<br \/>\nLes pr\u00e9sentes conditions g\u00e9n\u00e9rales d&#8217;utilisation r\u00e9gissent l&#8217;acc\u00e8s, la navigation et l&#8217;utilisation de&nbsp;www.elmundoclick.com&nbsp;ainsi que les responsabilit\u00e9s d\u00e9riv\u00e9es de l&#8217;utilisation de ses contenus tels que textes, graphiques, dessins, conceptions, codes, logiciels, photographies, musiques, vid\u00e9os, sons, bases de donn\u00e9es, images, expressions et informations, ainsi que toute autre cr\u00e9ation prot\u00e9g\u00e9e par les lois nationales et les trait\u00e9s internationaux sur la propri\u00e9t\u00e9 intellectuelle et industrielle.<br \/>\n2.2 &#8211; Conditions d&#8217;acc\u00e8s et d&#8217;utilisation des services<br \/>\n1. \u00c0 tout moment, l&#8217;utilisateur doit faire un usage licite des services de ce site web, conform\u00e9ment aux pr\u00e9sentes conditions g\u00e9n\u00e9rales, ainsi qu&#8217;aux pratiques g\u00e9n\u00e9ralement accept\u00e9es sur Internet.<br \/>\n2. L&#8217;utilisateur garantit que toutes les informations fournies par le biais des formulaires inclus dans ce site web sont l\u00e9gales, r\u00e9elles, exactes, v\u00e9ridiques et \u00e0 jour. Il est de la seule responsabilit\u00e9 de l&#8217;utilisateur d&#8217;informer imm\u00e9diatement JOSE MIGUEL MEDINA SILLA de tout changement pouvant survenir dans les informations fournies.<br \/>\n3. L&#8217;Utilisateur s&#8217;abstiendra de : introduire des virus, des programmes, des macros ou toute s\u00e9quence de caract\u00e8res dans le but d&#8217;endommager ou d&#8217;alt\u00e9rer les syst\u00e8mes informatiques de ce site web ; entraver l&#8217;acc\u00e8s des autres utilisateurs par la consommation massive de ressources ; capter les donn\u00e9es incluses dans ce site web \u00e0 des fins publicitaires ; reproduire, copier, distribuer, transformer ou mettre \u00e0 la disposition de tiers les contenus inclus dans ce site web ; r\u00e9aliser des actions \u00e0 travers les services inclus dans ce site web pouvant porter atteinte \u00e0 la propri\u00e9t\u00e9 intellectuelle, aux droits \u00e0 l&#8217;honneur, \u00e0 l&#8217;image et \u00e0 la vie priv\u00e9e de tiers ; r\u00e9aliser des actions de concurrence d\u00e9loyale et de publicit\u00e9 ill\u00e9gale.<br \/>\n3. Droits de propri\u00e9t\u00e9 intellectuelle et industrielle.<br \/>\nJOSE MIGUEL MEDINA SILLA est propri\u00e9taire des droits de propri\u00e9t\u00e9 intellectuelle et industrielle de tous les \u00e9l\u00e9ments qui composent www.elmundoclick.com , y compris la marque, le nom commercial ou le signe distinctif. En particulier et sans limitation, la conception graphique, le code source, les logos, les textes, les graphiques, les illustrations, les photographies, les sons et autres \u00e9l\u00e9ments contenus dans le site web sont prot\u00e9g\u00e9s par le droit d&#8217;auteur.<br \/>\nEn aucun cas, l&#8217;acc\u00e8s ou la navigation sur www.elmundoclick.com n&#8217;implique une renonciation, un transfert ou une licence totale ou partielle de JOSE MIGUEL MEDINA SILLA pour l&#8217;utilisation personnelle de l&#8217;utilisateur de ses droits de propri\u00e9t\u00e9 intellectuelle et industrielle.<br \/>\nPar cons\u00e9quent, l&#8217;utilisateur reconna\u00eet que la reproduction, la copie, la distribution, la commercialisation, la transformation, la r\u00e9utilisation, la communication publique et, en g\u00e9n\u00e9ral, toute autre forme d&#8217;exploitation, par quelque moyen que ce soit, de tout ou partie des contenus de www.elmundoclick.com, sans l&#8217;autorisation expresse et \u00e9crite de JOSE MIGUEL MEDINA SILLA, constitue une violation de ses droits de propri\u00e9t\u00e9 intellectuelle et\/ou industrielle.<\/p>\n<p>4. R\u00e9gime de responsabilit\u00e9 et de s\u00e9curit\u00e9.<br \/>\nJOSE MIGUEL MEDINA SILLA d\u00e9clare avoir adopt\u00e9 les mesures techniques et organisationnelles qui, dans la mesure de ses possibilit\u00e9s et de l&#8217;\u00e9tat de la technologie, permettent le fonctionnement correct du site web et l&#8217;absence de virus et de composants nuisibles, mais il ne peut en \u00eatre tenu pour responsable : (a) la continuit\u00e9 et la disponibilit\u00e9 du contenu et des services disponibles sur www.elmundoclick.com ; (b) l&#8217;absence d&#8217;erreurs dans ce contenu et la correction de tout d\u00e9faut qui pourrait survenir ; (c) l&#8217;absence de virus et\/ou d&#8217;autres composants nuisibles sur www.elmundoclick.com ; (d) l&#8217;impr\u00e9gnabilit\u00e9 des mesures de s\u00e9curit\u00e9 mises en place ; (e) tout dommage ou pr\u00e9judice caus\u00e9 par toute personne qui enfreint les syst\u00e8mes de s\u00e9curit\u00e9 de www.elmundoclick.com.<br \/>\n2. L&#8217;utilisateur est le seul responsable vis-\u00e0-vis des tiers de toute communication envoy\u00e9e personnellement ou en son nom \u00e0 www.elmundoclick.com , ainsi que de l&#8217;utilisation ill\u00e9gitime des contenus et services contenus dans ce site web.<br \/>\nJOSE MIGUEL MEDINA SILLA se r\u00e9serve le droit de suspendre temporairement l&#8217;acc\u00e8s \u00e0 www.elmundoclick.com sans pr\u00e9avis pour des raisons de maintenance, de r\u00e9paration, de mise \u00e0 jour ou d&#8217;am\u00e9lioration. Lorsque les circonstances le permettront, JOSE MIGUEL MEDINA SILLA publiera sur son site web, avec un pr\u00e9avis suffisant, un avis indiquant la date \u00e0 laquelle les services seront suspendus.<br \/>\n4. Les liens vers d&#8217;autres sites web qui peuvent exister sur www.elmundoclick.com peuvent conduire \u00e0 des sites web pour lesquels JOSE MIGUEL MEDINA SILLA n&#8217;assume aucune responsabilit\u00e9, car il n&#8217;a aucun contr\u00f4le sur eux, leur but \u00e9tant d&#8217;informer l&#8217;utilisateur d&#8217;autres sources d&#8217;information, de sorte que l&#8217;utilisateur acc\u00e8de sous sa seule responsabilit\u00e9 aux contenus et conditions d&#8217;utilisation qui les r\u00e9gissent.<br \/>\nJOSE MIGUEL MEDINA SILLA n&#8217;est pas responsable de l&#8217;usage que les utilisateurs peuvent faire des contenus et services inclus dans son site web. Par cons\u00e9quent, il ne garantit pas que l&#8217;utilisation que les utilisateurs peuvent faire des contenus et services susmentionn\u00e9s sera conforme aux pr\u00e9sentes conditions g\u00e9n\u00e9rales d&#8217;utilisation, ni qu&#8217;ils le feront de mani\u00e8re diligente.<br \/>\n5. Dur\u00e9e et modification.<br \/>\n5.1. JOSE MIGUEL MEDINA SILLA se r\u00e9serve le droit de modifier, totalement ou partiellement, les pr\u00e9sentes conditions g\u00e9n\u00e9rales d&#8217;acc\u00e8s en publiant les changements sur www.elmundoclick.com. Il pourra \u00e9galement apporter les modifications qu&#8217;il jugera opportunes au site web sans pr\u00e9avis, et pourra changer, supprimer ou ajouter des contenus et services qu&#8217;il fournit, ainsi que la mani\u00e8re dont ils sont pr\u00e9sent\u00e9s ou localis\u00e9s. Par cons\u00e9quent, les conditions g\u00e9n\u00e9rales publi\u00e9es au moment o\u00f9 l&#8217;Utilisateur acc\u00e8de \u00e0 www.elmundoclick.com seront consid\u00e9r\u00e9es comme \u00e9tant en vigueur, et l&#8217;Utilisateur devra donc lire p\u00e9riodiquement ces conditions d&#8217;utilisation.<br \/>\n5.2. Ind\u00e9pendamment des dispositions des conditions particuli\u00e8res, JOSE MIGUEL MEDINA SILLA pourra r\u00e9silier, suspendre ou interrompre, \u00e0 tout moment et sans pr\u00e9avis, l&#8217;acc\u00e8s aux contenus de la page, sans que l&#8217;utilisateur puisse pr\u00e9tendre \u00e0 une quelconque indemnisation.<br \/>\n6. Droit applicable et juridiction.<br \/>\nLes relations \u00e9tablies entre JOSE MIGUEL MEDINA SILLA et l&#8217;utilisateur seront r\u00e9gies par les dispositions de la l\u00e9gislation en vigueur concernant la loi applicable et la juridiction comp\u00e9tente. Cependant, pour les cas o\u00f9 la r\u00e9glementation pr\u00e9voit la possibilit\u00e9 pour les parties de se soumettre \u00e0 une juridiction, JOSE MIGUEL MEDINA SILLA et l&#8217;utilisateur, renon\u00e7ant express\u00e9ment \u00e0 toute autre juridiction qui pourrait leur correspondre, se soumettent aux Cours et Tribunaux de la ville de Valence.<\/p>\n","protected":false},"excerpt":{"rendered":"<p>AVIS L\u00c9GAL 1. l&#8217;identit\u00e9 du propri\u00e9taire de ce site&nbsp;. Conform\u00e9ment \u00e0 la loi 34\/2002, du 11 juillet, sur les services de la soci\u00e9t\u00e9 de l&#8217;information et le commerce \u00e9lectronique, nous vous informons que le propri\u00e9taire de&nbsp;www.elmundoclick.com&nbsp;est JOSE MIGUEL MEDINA SILLA. CE SITE N&#8217;EST PAS UN SITE OFFICIEL DE PLAYMOBIL. SIMPLEMENT LE SITE D&#8217;UN FAN ET [&hellip;]<\/p>\n","protected":false},"author":1,"featured_media":0,"parent":0,"menu_order":0,"comment_status":"closed","ping_status":"closed","template":"","meta":{"footnotes":""},"class_list":["post-42117","page","type-page","status-publish","hentry"],"_links":{"self":[{"href":"https:\/\/www.elmundoclick.com\/fr\/wp-json\/wp\/v2\/pages\/42117","targetHints":{"allow":["GET"]}}],"collection":[{"href":"https:\/\/www.elmundoclick.com\/fr\/wp-json\/wp\/v2\/pages"}],"about":[{"href":"https:\/\/www.elmundoclick.com\/fr\/wp-json\/wp\/v2\/types\/page"}],"author":[{"embeddable":true,"href":"https:\/\/www.elmundoclick.com\/fr\/wp-json\/wp\/v2\/users\/1"}],"replies":[{"embeddable":true,"href":"https:\/\/www.elmundoclick.com\/fr\/wp-json\/wp\/v2\/comments?post=42117"}],"version-history":[{"count":0,"href":"https:\/\/www.elmundoclick.com\/fr\/wp-json\/wp\/v2\/pages\/42117\/revisions"}],"wp:attachment":[{"href":"https:\/\/www.elmundoclick.com\/fr\/wp-json\/wp\/v2\/media?parent=42117"}],"curies":[{"name":"wp","href":"https:\/\/api.w.org\/{rel}","templated":true}]}}