{"id":42081,"date":"2019-08-08T22:44:52","date_gmt":"2019-08-08T22:44:52","guid":{"rendered":"https:\/\/www.elmundoclick.com\/contact-ou-collaboration\/"},"modified":"2022-06-30T12:49:55","modified_gmt":"2022-06-30T12:49:55","slug":"contact-ou-collaboration","status":"publish","type":"page","link":"https:\/\/www.elmundoclick.com\/fr\/contact-ou-collaboration\/","title":{"rendered":"Contact"},"content":{"rendered":"\n<p>Vous voulez collaborer ou promouvoir un produit sur Youtube ou instagram avec nous, ou vous voulez donner un playmobil pour les expositions \u00e0 but non lucratif que nous mettons en place dans les h\u00f4pitaux et les mairies avec Aesclick . Ou peut-\u00eatre avez-vous besoin de trouver un playmobil, un lego ou un jouet, \u00e9crivez-nous et nous vous r\u00e9pondrons d\u00e8s que possible, n&#8217;oubliez pas que je ne vends rien, je suis juste un collectionneur de playmobil et de jouets.  <\/p>\n\n\n<div class=\"wpcf7 no-js\" id=\"wpcf7-f4319-o1\" lang=\"es-ES\" dir=\"ltr\" data-wpcf7-id=\"4319\">\n<div class=\"screen-reader-response\"><p role=\"status\" aria-live=\"polite\" aria-atomic=\"true\"><\/p> <ul><\/ul><\/div>\n<form action=\"\/fr\/wp-json\/wp\/v2\/pages\/42081#wpcf7-f4319-o1\" method=\"post\" class=\"wpcf7-form init\" aria-label=\"Formulario de contacto\" novalidate=\"novalidate\" data-status=\"init\">\n<fieldset class=\"hidden-fields-container\"><input type=\"hidden\" name=\"_wpcf7\" value=\"4319\" \/><input type=\"hidden\" name=\"_wpcf7_version\" value=\"6.1.4\" \/><input type=\"hidden\" name=\"_wpcf7_locale\" value=\"es_ES\" \/><input type=\"hidden\" name=\"_wpcf7_unit_tag\" value=\"wpcf7-f4319-o1\" \/><input type=\"hidden\" name=\"_wpcf7_container_post\" value=\"0\" \/><input type=\"hidden\" name=\"_wpcf7_posted_data_hash\" value=\"\" \/><input type=\"hidden\" name=\"_wpcf7_recaptcha_response\" value=\"\" \/>\n<\/fieldset>\n<p>Su nombre*<br \/>\n<span class=\"wpcf7-form-control-wrap\" data-name=\"your-name\"><input size=\"40\" maxlength=\"400\" class=\"wpcf7-form-control wpcf7-text wpcf7-validates-as-required\" aria-required=\"true\" aria-invalid=\"false\" value=\"\" type=\"text\" name=\"your-name\" \/><\/span>\n<\/p>\n<p>Su e-mail*<br \/>\n<span class=\"wpcf7-form-control-wrap\" data-name=\"your-email\"><input size=\"40\" maxlength=\"400\" class=\"wpcf7-form-control wpcf7-email wpcf7-validates-as-required wpcf7-text wpcf7-validates-as-email\" aria-required=\"true\" aria-invalid=\"false\" value=\"\" type=\"email\" name=\"your-email\" \/><\/span>\n<\/p>\n<p>Asunto\n<\/p>\n<p><span class=\"wpcf7-form-control-wrap\" data-name=\"your-subject\"><input size=\"40\" maxlength=\"400\" class=\"wpcf7-form-control wpcf7-text\" aria-invalid=\"false\" value=\"\" type=\"text\" name=\"your-subject\" \/><\/span>\n<\/p>\n<p>Tel\u00e9fono*<br \/>\n<span class=\"wpcf7-form-control-wrap\" data-name=\"tel-379\"><input size=\"40\" maxlength=\"400\" class=\"wpcf7-form-control wpcf7-tel wpcf7-validates-as-required wpcf7-text wpcf7-validates-as-tel\" aria-required=\"true\" aria-invalid=\"false\" value=\"\" type=\"tel\" name=\"tel-379\" \/><\/span>\n<\/p>\n<p>Su mensaje*\n<\/p>\n<p><span class=\"wpcf7-form-control-wrap\" data-name=\"your-message\"><textarea cols=\"40\" rows=\"10\" maxlength=\"2000\" class=\"wpcf7-form-control wpcf7-textarea wpcf7-validates-as-required\" aria-required=\"true\" aria-invalid=\"false\" name=\"your-message\"><\/textarea><\/span>\n<\/p>\n<p><span class=\"wpcf7-form-control-wrap\" data-name=\"acceptance-389\"><span class=\"wpcf7-form-control wpcf7-acceptance\"><span class=\"wpcf7-list-item\"><input type=\"checkbox\" name=\"acceptance-389\" value=\"1\" aria-invalid=\"false\" \/><\/span><\/span><\/span> Reconozco que he le\u00eddo y aceptado la <a href=\"https:\/\/www.elmundoclick.com\/aviso-legal\/\">Pol\u00edtica de privacidad.<\/a>\n<\/p>\n<p>\n\t<center><input class=\"wpcf7-form-control wpcf7-submit has-spinner\" type=\"submit\" value=\"Enviar\" \/>\n\t<\/center>\n<\/p><div class=\"wpcf7-response-output\" aria-hidden=\"true\"><\/div>\n<\/form>\n<\/div>\n\n\n\n\n<div class=\"wp-block-image\"><figure class=\"aligncenter\"><img decoding=\"async\" width=\"1024\" height=\"768\" src=\"https:\/\/www.elmundoclick.com\/wp-content\/uploads\/2018\/04\/mejores-tiendas-playmobil-1024x768.jpeg\" alt=\"les meilleurs magasins playmobil\" class=\"wp-image-903\" srcset=\"https:\/\/www.elmundoclick.com\/wp-content\/uploads\/2018\/04\/mejores-tiendas-playmobil-1024x768.jpeg 1024w, https:\/\/www.elmundoclick.com\/wp-content\/uploads\/2018\/04\/mejores-tiendas-playmobil-300x225.jpeg 300w, https:\/\/www.elmundoclick.com\/wp-content\/uploads\/2018\/04\/mejores-tiendas-playmobil-768x576.jpeg 768w, https:\/\/www.elmundoclick.com\/wp-content\/uploads\/2018\/04\/mejores-tiendas-playmobil-80x60.jpeg 80w, https:\/\/www.elmundoclick.com\/wp-content\/uploads\/2018\/04\/mejores-tiendas-playmobil-265x198.jpeg 265w, https:\/\/www.elmundoclick.com\/wp-content\/uploads\/2018\/04\/mejores-tiendas-playmobil-696x522.jpeg 696w, https:\/\/www.elmundoclick.com\/wp-content\/uploads\/2018\/04\/mejores-tiendas-playmobil-1068x801.jpeg 1068w, https:\/\/www.elmundoclick.com\/wp-content\/uploads\/2018\/04\/mejores-tiendas-playmobil-560x420.jpeg 560w, https:\/\/www.elmundoclick.com\/wp-content\/uploads\/2018\/04\/mejores-tiendas-playmobil.jpeg 1600w\" sizes=\"(max-width: 1024px) 100vw, 1024px\" \/><\/figure><\/div>\n","protected":false},"excerpt":{"rendered":"<p>Vous voulez collaborer ou promouvoir un produit sur Youtube ou instagram avec nous, ou vous voulez donner un playmobil pour les expositions \u00e0 but non lucratif que nous mettons en place dans les h\u00f4pitaux et les mairies avec Aesclick . Ou peut-\u00eatre avez-vous besoin de trouver un playmobil, un lego ou un jouet, \u00e9crivez-nous et [&hellip;]<\/p>\n","protected":false},"author":1,"featured_media":0,"parent":0,"menu_order":0,"comment_status":"closed","ping_status":"closed","template":"","meta":{"footnotes":""},"class_list":["post-42081","page","type-page","status-publish","hentry"],"_links":{"self":[{"href":"https:\/\/www.elmundoclick.com\/fr\/wp-json\/wp\/v2\/pages\/42081","targetHints":{"allow":["GET"]}}],"collection":[{"href":"https:\/\/www.elmundoclick.com\/fr\/wp-json\/wp\/v2\/pages"}],"about":[{"href":"https:\/\/www.elmundoclick.com\/fr\/wp-json\/wp\/v2\/types\/page"}],"author":[{"embeddable":true,"href":"https:\/\/www.elmundoclick.com\/fr\/wp-json\/wp\/v2\/users\/1"}],"replies":[{"embeddable":true,"href":"https:\/\/www.elmundoclick.com\/fr\/wp-json\/wp\/v2\/comments?post=42081"}],"version-history":[{"count":0,"href":"https:\/\/www.elmundoclick.com\/fr\/wp-json\/wp\/v2\/pages\/42081\/revisions"}],"wp:attachment":[{"href":"https:\/\/www.elmundoclick.com\/fr\/wp-json\/wp\/v2\/media?parent=42081"}],"curies":[{"name":"wp","href":"https:\/\/api.w.org\/{rel}","templated":true}]}}