{"id":42066,"date":"2017-07-24T22:06:47","date_gmt":"2017-07-24T22:06:47","guid":{"rendered":"https:\/\/www.elmundoclick.com\/politique-de-confidentialite-et-cookies\/"},"modified":"2022-06-29T15:08:09","modified_gmt":"2022-06-29T15:08:09","slug":"politique-de-confidentialite-et-cookies","status":"publish","type":"page","link":"https:\/\/www.elmundoclick.com\/fr\/politique-de-confidentialite-et-cookies\/","title":{"rendered":"Politique de confidentialit\u00e9 et cookies"},"content":{"rendered":"<p><b>CONDITIONS G\u00c9N\u00c9RALES D&#8217;UTILISATION ET POLITIQUE DE PROTECTION DES DONN\u00c9ES PERSONNELLES<\/b><\/p>\n<p><span style=\"font-weight: 400;\">Veuillez lire attentivement ces conditions d&#8217;utilisation avant d&#8217;utiliser ce site web. En utilisant ce site web, l&#8217;utilisateur reconna\u00eet implicitement qu&#8217;il accepte les termes et conditions. Si vous ne les approuvez pas ou si vous avez des doutes, veuillez ne pas vous inscrire ou utiliser ce site web.<\/span><\/p>\n<p><b>POLITIQUE DE PROTECTION DES DONN\u00c9ES<\/b><\/p>\n<p><span style=\"font-weight: 400;\">Le site www.elmundoclick.com a pour objet principal de fournir aux citoyens des informations et des renseignements sur les services de&#8230; JOSE MIGUEL MEDINA SILLA  <\/span><span style=\"font-weight: 400;\"><br \/>\n<\/span><span style=\"font-weight: 400;\">JOSE MIGUEL MEDINA SILLA &nbsp;assume les obligations l\u00e9gales en mati\u00e8re de protection des donn\u00e9es personnelles, notamment en ce qui concerne :<\/span><span style=\"font-weight: 400;\"><br \/>\n<\/span><span style=\"font-weight: 400;\">a) L&#8217;existence de fichiers ou de traitements de donn\u00e9es \u00e0 caract\u00e8re personnel.<\/span><span style=\"font-weight: 400;\"><br \/>\n<\/span><span style=\"font-weight: 400;\">b) L&#8217;objectif de la collecte des donn\u00e9es.<\/span><span style=\"font-weight: 400;\"><br \/>\n<\/span><span style=\"font-weight: 400;\">(c) les destinataires de l&#8217;information.<\/span><span style=\"font-weight: 400;\"><br \/>\n<\/span><span style=\"font-weight: 400;\">d) Le caract\u00e8re facultatif ou obligatoire des questions que nous posons.<\/span><span style=\"font-weight: 400;\"><br \/>\n<\/span><span style=\"font-weight: 400;\">(e) les cons\u00e9quences de l&#8217;obtention des donn\u00e9es ou du refus de les fournir.<\/span><span style=\"font-weight: 400;\"><br \/>\n<\/span><span style=\"font-weight: 400;\">f) La possibilit\u00e9 d&#8217;exercer les droits d&#8217;acc\u00e8s, de rectification, d&#8217;annulation et d&#8217;opposition.<\/span><span style=\"font-weight: 400;\"><br \/>\n<\/span><span style=\"font-weight: 400;\">(g) l&#8217;identit\u00e9 et l&#8217;adresse du responsable du traitement ou, le cas \u00e9ch\u00e9ant, de son repr\u00e9sentant.<\/span><span style=\"font-weight: 400;\"><br \/>\n<\/span><span style=\"font-weight: 400;\"><br \/>\n<\/span><span style=\"font-weight: 400;\">JOSE MIGUEL MEDINA SILLA &nbsp;souhaite que l&#8217;utilisateur dispose des informations appropri\u00e9es pour d\u00e9cider express\u00e9ment, librement et volontairement s&#8217;il souhaite fournir ses donn\u00e9es sous la forme requise. L&#8217;utilisateur est inform\u00e9 que ses donn\u00e9es seront incluses dans un fichier automatis\u00e9 dont le responsable est JOSE MIGUEL MEDINA SILLA.<\/span><\/p>\n<p><span style=\"font-weight: 400;\">Sauf indication contraire dans chaque cas, les donn\u00e9es recueillies sur les formulaires sont n\u00e9cessaires et obligatoires pour pouvoir acc\u00e9der et fournir les services \u00e9tablis sur le site web. L&#8217;utilisateur doit remplir les formulaires avec des donn\u00e9es vraies, exactes et compl\u00e8tes, en \u00e9tant responsable des dommages qui pourraient survenir en cas de remplissage d\u00e9fectueux, avec des donn\u00e9es fausses, inexactes, incompl\u00e8tes ou p\u00e9rim\u00e9es.<\/span><\/p>\n<p><span style=\"font-weight: 400;\">JOSE MIGUEL MEDINA SILLA &nbsp;s&#8217;engage \u00e0 adopter les niveaux de s\u00e9curit\u00e9 de protection des donn\u00e9es personnelles exig\u00e9s par la l\u00e9gislation en vigueur, en installant les mesures techniques et organisationnelles n\u00e9cessaires pour \u00e9viter la perte, la mauvaise utilisation, l&#8217;alt\u00e9ration, l&#8217;acc\u00e8s non autoris\u00e9 et autres risques possibles. JOSE MIGUEL MEDINA SILLA s&#8217;engage \u00e9galement \u00e0 respecter l&#8217;obligation de secret concernant les donn\u00e9es contenues dans les fichiers automatis\u00e9s \u00e9tablie dans la l\u00e9gislation en vigueur.<\/span><span style=\"font-weight: 400;\"><br \/>\n<\/span><span style=\"font-weight: 400;\">L&#8217;utilisateur ou la personne qui le repr\u00e9sente peut \u00e0 tout moment exercer son droit d&#8217;acc\u00e8s, de rectification, d&#8217;annulation et, le cas \u00e9ch\u00e9ant, d&#8217;opposition, conform\u00e9ment aux dispositions de la loi organique sur la protection des donn\u00e9es et aux autres r\u00e9glementations applicables, en envoyant une communication \u00e9crite au gestionnaire du fichier, en indiquant son nom et son num\u00e9ro de carte d&#8217;identit\u00e9, \u00e0 l&#8217;adresse c\/.<\/span> <span style=\"font-weight: 400;\">AVDA. AL VEDAT, N\u00ba 25-3\u00ba  &nbsp;&nbsp;46900 TORRENT-VALENCIA Notre pr\u00e9occupation prioritaire est la s\u00e9curit\u00e9 du stockage des donn\u00e9es personnelles identifiables des utilisateurs. Nous prenons grand soin de transmettre les donn\u00e9es de l&#8217;ordinateur de l&#8217;utilisateur \u00e0 nos serveurs.<\/span><span style=\"font-weight: 400;\"><br \/>\n<\/span><span style=\"font-weight: 400;\">Seuls les employ\u00e9s qui ont besoin d&#8217;acc\u00e9der aux donn\u00e9es de l&#8217;utilisateur pour effectuer leur travail y ont acc\u00e8s. Tout employ\u00e9 qui enfreint nos politiques de protection des donn\u00e9es et\/ou de s\u00e9curit\u00e9 fera l&#8217;objet de mesures disciplinaires.<\/span><\/p>\n<p><b>ACCEPTATION DES PR\u00c9SENTES CONDITIONS<\/b><\/p>\n<p><span style=\"font-weight: 400;\">En utilisant ce site web, nous supposons que l&#8217;utilisateur a lu attentivement ce document et qu&#8217;il a compris et suivi ses conseils. Si vous n&#8217;\u00eates pas d&#8217;accord avec cette politique de protection des donn\u00e9es ou avec les conseils qui y sont donn\u00e9s, veuillez ne pas utiliser notre site web. Nous nous r\u00e9servons le droit de modifier les pr\u00e9sentes conditions d&#8217;utilisation si nous le jugeons n\u00e9cessaire. La poursuite de l&#8217;utilisation de ce site et d&#8217;autres sites de JOSE MIGUEL MEDINA SILLA &nbsp;par l&#8217;utilisateur apr\u00e8s l&#8217;introduction de ces modifications implique la pleine acceptation de ces derni\u00e8res.<\/span><\/p>\n<p><b>Que sont les cookies ?<\/b><\/p>\n<p><span style=\"font-weight: 400;\">Un cookie est un fichier texte qui est stock\u00e9 sur votre ordinateur. Les cookies stockent des \u00e9l\u00e9ments d&#8217;information que nous utilisons pour faire fonctionner notre site web. Ils ne peuvent ex\u00e9cuter aucun code et ne contiennent pas de virus. Personne d&#8217;autre que nous ne peut lire nos cookies.<\/span><\/p>\n<p><b>Comment utilisons-nous les cookies ?<\/b><\/p>\n<p><span style=\"font-weight: 400;\">www.elmundoclick.com &nbsp;utilise des cookies pour am\u00e9liorer votre exp\u00e9rience sur notre site web. En outre :<\/span><\/p>\n<p><span style=\"font-weight: 400;\">Certains cookies sont essentiels au bon fonctionnement de notre site web.<\/span><\/p>\n<p><span style=\"font-weight: 400;\">Nous ne suivons pas vos activit\u00e9s personnelles lorsque vous n&#8217;\u00eates pas chez vous. <\/span><span style=\"font-weight: 400;\">www.elmundoclick.com<\/span><span style=\"font-weight: 400;\"> (sauf si vous cliquez sur une application \u00e0 <\/span><span style=\"font-weight: 400;\">www.elmundoclick.com<\/span><span style=\"font-weight: 400;\"> sur le web).<\/span><\/p>\n<p><span style=\"font-weight: 400;\">Nous utilisons des cookies analytiques pour nous aider \u00e0 comprendre quel contenu est le plus utile \u00e0 nos visiteurs.<\/span><\/p>\n<p><b>Types de cookies que nous utilisons<\/b><\/p>\n<p><span style=\"font-weight: 400;\">S\u00e9curit\u00e9 : Ces cookies nous permettent de prot\u00e9ger l&#8217;acc\u00e8s \u00e0 votre compte&#8230;<\/span><\/p>\n<p><span style=\"font-weight: 400;\">Analyse : nous suivons et analysons les tendances du trafic web afin d&#8217;identifier les contenus populaires ou les probl\u00e8mes potentiels du web.<\/span><\/p>\n<p><span style=\"font-weight: 400;\">Publicit\u00e9 : nous utilisons des informations non identifiables vous concernant pour vous montrer des publicit\u00e9s sur notre site web.<\/span><\/p>\n<p><b>Vos choix concernant les cookies<\/b><\/p>\n<p><span style=\"font-weight: 400;\">Vous pouvez choisir de demander \u00e0 votre ordinateur de vous avertir chaque fois qu&#8217;un cookie est cr\u00e9\u00e9, ou de d\u00e9sactiver tous les cookies. Vous pouvez d\u00e9finir vos pr\u00e9f\u00e9rences dans les param\u00e8tres de votre navigateur. Toutefois, comme chaque navigateur est diff\u00e9rent, vous devez consulter le menu d&#8217;aide de votre navigateur pour savoir comment modifier vos cookies. Si vous choisissez de d\u00e9sactiver vos cookies, vous n&#8217;aurez pas acc\u00e8s \u00e0 de nombreuses options qui pourraient am\u00e9liorer votre exp\u00e9rience. En outre, certains de nos services ne fonctionneront pas correctement.<\/span><\/p>\n<p><b>Garanties suppl\u00e9mentaires &#8211; Gestion des cookies :<\/b><\/p>\n<p><span style=\"font-weight: 400;\">Tous les navigateurs Internet vous permettent de limiter le comportement d&#8217;un cookie ou de d\u00e9sactiver les cookies dans les param\u00e8tres ou les options de votre navigateur. Les \u00e9tapes \u00e0 suivre sont diff\u00e9rentes pour chaque navigateur. Vous trouverez des instructions dans le menu d&#8217;aide de votre navigateur.<\/span><\/p>\n<p><span style=\"font-weight: 400;\">De nombreux navigateurs vous permettent d&#8217;activer un mode priv\u00e9 dans lequel les cookies sont toujours supprim\u00e9s apr\u00e8s la visite. Selon le navigateur, ce mode priv\u00e9 peut avoir des noms diff\u00e9rents. Vous trouverez ci-dessous une liste des navigateurs les plus courants avec un lien vers les param\u00e8tres des cookies et les diff\u00e9rents noms de ce &#8220;mode priv\u00e9&#8221; :<\/span><\/p>\n<ul>\n<li style=\"font-weight: 400;\"><span style=\"font-weight: 400;\">Internet Explorer 8 et sup\u00e9rieur ; InPrivate<\/span><\/li>\n<li style=\"font-weight: 400;\"><span style=\"font-weight: 400;\">Safari 2 et sup\u00e9rieur ; Navigation priv\u00e9e<\/span><\/li>\n<li style=\"font-weight: 400;\"><span style=\"font-weight: 400;\">Opera 10.5 et plus ; Navigation priv\u00e9e<\/span><\/li>\n<li style=\"font-weight: 400;\"><span style=\"font-weight: 400;\">FireFox 3.5 et sup\u00e9rieur ; Navigation priv\u00e9e<\/span><\/li>\n<li style=\"font-weight: 400;\"><span style=\"font-weight: 400;\">Google Chrome 10 et sup\u00e9rieur ; Incognito<\/span><\/li>\n<\/ul>\n","protected":false},"excerpt":{"rendered":"<p>CONDITIONS G\u00c9N\u00c9RALES D&#8217;UTILISATION ET POLITIQUE DE PROTECTION DES DONN\u00c9ES PERSONNELLES Veuillez lire attentivement ces conditions d&#8217;utilisation avant d&#8217;utiliser ce site web. En utilisant ce site web, l&#8217;utilisateur reconna\u00eet implicitement qu&#8217;il accepte les termes et conditions. Si vous ne les approuvez pas ou si vous avez des doutes, veuillez ne pas vous inscrire ou utiliser ce [&hellip;]<\/p>\n","protected":false},"author":1,"featured_media":0,"parent":0,"menu_order":0,"comment_status":"closed","ping_status":"closed","template":"page-pagebuilder-title.php","meta":{"footnotes":""},"class_list":["post-42066","page","type-page","status-publish","hentry"],"_links":{"self":[{"href":"https:\/\/www.elmundoclick.com\/fr\/wp-json\/wp\/v2\/pages\/42066","targetHints":{"allow":["GET"]}}],"collection":[{"href":"https:\/\/www.elmundoclick.com\/fr\/wp-json\/wp\/v2\/pages"}],"about":[{"href":"https:\/\/www.elmundoclick.com\/fr\/wp-json\/wp\/v2\/types\/page"}],"author":[{"embeddable":true,"href":"https:\/\/www.elmundoclick.com\/fr\/wp-json\/wp\/v2\/users\/1"}],"replies":[{"embeddable":true,"href":"https:\/\/www.elmundoclick.com\/fr\/wp-json\/wp\/v2\/comments?post=42066"}],"version-history":[{"count":0,"href":"https:\/\/www.elmundoclick.com\/fr\/wp-json\/wp\/v2\/pages\/42066\/revisions"}],"wp:attachment":[{"href":"https:\/\/www.elmundoclick.com\/fr\/wp-json\/wp\/v2\/media?parent=42066"}],"curies":[{"name":"wp","href":"https:\/\/api.w.org\/{rel}","templated":true}]}}