{"id":42043,"date":"2025-12-29T00:39:34","date_gmt":"2025-12-29T00:39:34","guid":{"rendered":"https:\/\/www.elmundoclick.com\/le-web-des-amateurs-de-playmobil-videos-et-nouvelles\/"},"modified":"2022-09-25T10:39:18","modified_gmt":"2022-09-25T10:39:18","slug":"le-web-des-amateurs-de-playmobil-videos-et-nouvelles","status":"publish","type":"page","link":"https:\/\/www.elmundoclick.com\/fr\/","title":{"rendered":"Le Web des amateurs de Playmobil : Vid\u00e9os et nouvelles"},"content":{"rendered":"<div class=\"wpb-content-wrapper\"><p>[vc_row el_class=&#8221;td-ss-row&#8221;][vc_column][vc_column_text]<\/p>\n<div id=\"ez-toc-container\" class=\"ez-toc-v2_0_80 counter-hierarchy ez-toc-counter ez-toc-custom ez-toc-container-direction\">\n<p class=\"ez-toc-title\" style=\"cursor:inherit\">\u00cdndice<\/p>\n<label for=\"ez-toc-cssicon-toggle-item-69f33cb521d73\" class=\"ez-toc-cssicon-toggle-label\"><span class=\"\"><span class=\"eztoc-hide\" style=\"display:none;\">Toggle<\/span><span class=\"ez-toc-icon-toggle-span\"><svg style=\"fill: #000000;color:#000000\" xmlns=\"http:\/\/www.w3.org\/2000\/svg\" class=\"list-377408\" width=\"20px\" height=\"20px\" viewBox=\"0 0 24 24\" fill=\"none\"><path d=\"M6 6H4v2h2V6zm14 0H8v2h12V6zM4 11h2v2H4v-2zm16 0H8v2h12v-2zM4 16h2v2H4v-2zm16 0H8v2h12v-2z\" fill=\"currentColor\"><\/path><\/svg><svg style=\"fill: #000000;color:#000000\" class=\"arrow-unsorted-368013\" xmlns=\"http:\/\/www.w3.org\/2000\/svg\" width=\"10px\" height=\"10px\" viewBox=\"0 0 24 24\" version=\"1.2\" baseProfile=\"tiny\"><path d=\"M18.2 9.3l-6.2-6.3-6.2 6.3c-.2.2-.3.4-.3.7s.1.5.3.7c.2.2.4.3.7.3h11c.3 0 .5-.1.7-.3.2-.2.3-.5.3-.7s-.1-.5-.3-.7zM5.8 14.7l6.2 6.3 6.2-6.3c.2-.2.3-.5.3-.7s-.1-.5-.3-.7c-.2-.2-.4-.3-.7-.3h-11c-.3 0-.5.1-.7.3-.2.2-.3.5-.3.7s.1.5.3.7z\"\/><\/svg><\/span><\/span><\/label><input type=\"checkbox\"  id=\"ez-toc-cssicon-toggle-item-69f33cb521d73\"  aria-label=\"Toggle\" \/><nav><ul class='ez-toc-list ez-toc-list-level-1 ' ><li class='ez-toc-page-1 ez-toc-heading-level-1'><a class=\"ez-toc-link ez-toc-heading-1\" href=\"https:\/\/www.elmundoclick.com\/fr\/#site_web_pour_les_amateurs_et_collectionneurs_de_playmobil_et_de_jouets\" >Site web pour les amateurs et collectionneurs de Playmobil et de jouets<\/a><ul class='ez-toc-list-level-2' ><li class='ez-toc-heading-level-2'><a class=\"ez-toc-link ez-toc-heading-2\" href=\"https:\/\/www.elmundoclick.com\/fr\/#notre_derniere_video_playmobil\" >Notre derni\u00e8re vid\u00e9o Playmobil<\/a><\/li><li class='ez-toc-page-1 ez-toc-heading-level-2'><a class=\"ez-toc-link ez-toc-heading-3\" href=\"https:\/\/www.elmundoclick.com\/fr\/#expositions\" >EXPOSITIONS<\/a><\/li><li class='ez-toc-page-1 ez-toc-heading-level-2'><a class=\"ez-toc-link ez-toc-heading-4\" href=\"https:\/\/www.elmundoclick.com\/fr\/#edition_limitee\" >\u00c9DITION LIMIT\u00c9E<\/a><\/li><li class='ez-toc-page-1 ez-toc-heading-level-2'><a class=\"ez-toc-link ez-toc-heading-5\" href=\"https:\/\/www.elmundoclick.com\/fr\/#nouvelles\" >NOUVELLES<\/a><\/li><li class='ez-toc-page-1 ez-toc-heading-level-2'><a class=\"ez-toc-link ez-toc-heading-6\" href=\"https:\/\/www.elmundoclick.com\/fr\/#rabais\" >RABAIS<\/a><\/li><li class='ez-toc-page-1 ez-toc-heading-level-2'><a class=\"ez-toc-link ez-toc-heading-7\" href=\"https:\/\/www.elmundoclick.com\/fr\/#ouest\" >OUEST<\/a><\/li><li class='ez-toc-page-1 ez-toc-heading-level-2'><a class=\"ez-toc-link ez-toc-heading-8\" href=\"https:\/\/www.elmundoclick.com\/fr\/#film\" >FILM<\/a><\/li><li class='ez-toc-page-1 ez-toc-heading-level-2'><a class=\"ez-toc-link ez-toc-heading-9\" href=\"https:\/\/www.elmundoclick.com\/fr\/#police\" >POLICE<\/a><\/li><li class='ez-toc-page-1 ez-toc-heading-level-2'><a class=\"ez-toc-link ez-toc-heading-10\" href=\"https:\/\/www.elmundoclick.com\/fr\/#gentlemen\" >GENTLEMEN<\/a><\/li><li class='ez-toc-page-1 ez-toc-heading-level-2'><a class=\"ez-toc-link ez-toc-heading-11\" href=\"https:\/\/www.elmundoclick.com\/fr\/#cars\" >CARS<\/a><\/li><li class='ez-toc-page-1 ez-toc-heading-level-2'><a class=\"ez-toc-link ez-toc-heading-12\" href=\"https:\/\/www.elmundoclick.com\/fr\/#dwarfs\" >DWARFS<\/a><\/li><li class='ez-toc-page-1 ez-toc-heading-level-2'><a class=\"ez-toc-link ez-toc-heading-13\" href=\"https:\/\/www.elmundoclick.com\/fr\/#porsches\" >PORSCHES<\/a><\/li><li class='ez-toc-page-1 ez-toc-heading-level-2'><a class=\"ez-toc-link ez-toc-heading-14\" href=\"https:\/\/www.elmundoclick.com\/fr\/#enveloppes\" >ENVELOPPES<\/a><\/li><li class='ez-toc-page-1 ez-toc-heading-level-2'><a class=\"ez-toc-link ez-toc-heading-15\" href=\"https:\/\/www.elmundoclick.com\/fr\/#personnalise\" >PERSONNALIS\u00c9<\/a><\/li><li class='ez-toc-page-1 ez-toc-heading-level-2'><a class=\"ez-toc-link ez-toc-heading-16\" href=\"https:\/\/www.elmundoclick.com\/fr\/#catalogues\" >CATALOGUES<\/a><\/li><li class='ez-toc-page-1 ez-toc-heading-level-2'><a class=\"ez-toc-link ez-toc-heading-17\" href=\"https:\/\/www.elmundoclick.com\/fr\/#dioramas\" >DIORAMAS<\/a><\/li><li class='ez-toc-page-1 ez-toc-heading-level-2'><a class=\"ez-toc-link ez-toc-heading-18\" href=\"https:\/\/www.elmundoclick.com\/fr\/#playmobil_mexico\" >PLAYMOBIL MEXICO<\/a><\/li><li class='ez-toc-page-1 ez-toc-heading-level-2'><a class=\"ez-toc-link ez-toc-heading-19\" href=\"https:\/\/www.elmundoclick.com\/fr\/#playmobil_argentine\" >PLAYMOBIL ARGENTINE<\/a><\/li><li class='ez-toc-page-1 ez-toc-heading-level-2'><a class=\"ez-toc-link ez-toc-heading-20\" href=\"https:\/\/www.elmundoclick.com\/fr\/#playmobil_usa\" >PLAYMOBIL USA<\/a><\/li><li class='ez-toc-page-1 ez-toc-heading-level-2'><a class=\"ez-toc-link ez-toc-heading-21\" href=\"https:\/\/www.elmundoclick.com\/fr\/#un_peu_dhistoire_de_playmobil\" >Un peu d&#8217;histoire de Playmobil<\/a><\/li><li class='ez-toc-page-1 ez-toc-heading-level-2'><a class=\"ez-toc-link ez-toc-heading-22\" href=\"https:\/\/www.elmundoclick.com\/fr\/#ou_acheter_playmobil_en_ligne\" >O\u00f9 acheter Playmobil en ligne<\/a><\/li><\/ul><\/li><\/ul><\/nav><\/div>\n<h1><span class=\"ez-toc-section\" id=\"site_web_pour_les_amateurs_et_collectionneurs_de_playmobil_et_de_jouets\"><\/span>Site web pour les amateurs et collectionneurs de Playmobil et de jouets<span class=\"ez-toc-section-end\"><\/span><\/h1>\n<p>[\/vc_column_text][vc_column_text]<\/p>\n<p style=\"text-align: justify;\">Si vous \u00eates  <strong>collectionneur ou fan de playmobil<\/strong> ce site est le v\u00f4tre, vous pouvez \u00e9galement nous suivre sur notre cha\u00eene Youtube et voir nos  <strong>vid\u00e9os playmobil<\/strong> ou dans nos r\u00e9seaux sociaux, o\u00f9 nous vous ferons d\u00e9couvrir les  <a href=\"https:\/\/www.elmundoclick.com\/category\/novedades-playmobil\/\"><br \/>\n  <strong>nouvelles playmobil<\/strong><br \/>\n<\/a> et le nouveau  <a href=\"https:\/\/www.elmundoclick.com\/todos-catalogos-playmobil\/\"><br \/>\n  <strong>catalogues<\/strong><br \/>\n<\/a>, unboxing , le meilleur  <strong>boutiques playmobil en ligne<\/strong> et physiques, jeux, vid\u00e9os, dioramas, fin de s\u00e9rie, sets,  <strong><br \/>\n  <a href=\"https:\/\/elmundoclick.com\/sobres-playmobil-sorpresa\/\">enveloppes surprises<\/a><br \/>\n<\/strong> et o\u00f9  <strong><a href=\"https:\/\/www.elmundoclick.com\/fr\/boutique-en-ligne-playmobil\/\">acheter les playmobils les moins chers en ligne<\/a> <\/strong>pour compl\u00e9ter votre collection ou faire un cadeau.<\/p>\n<p>[\/vc_column_text][vc_column_text]<\/p>\n<h2><span class=\"ez-toc-section\" id=\"notre_derniere_video_playmobil\"><\/span><strong>Notre derni\u00e8re vid\u00e9o Playmobil<\/strong><span class=\"ez-toc-section-end\"><\/span><\/h2>\n<p>[\/vc_column_text][vc_video link=&#8221;https:\/\/www.youtube.com\/watch?v=dgDB1XWwMnc&#8221;][\/vc_column][\/vc_row][vc_row][vc_column width=&#8221;1\/3&#8243;][vc_column_text]<\/p>\n<h2 style=\"color: #3849ab; text-align: center;\"><span class=\"ez-toc-section\" id=\"expositions\"><\/span><strong><a href=\"https:\/\/www.elmundoclick.com\/category\/exposicion-playmobil\/\">EXPOSITIONS<\/a><\/strong><span class=\"ez-toc-section-end\"><\/span><\/h2>\n<p>[\/vc_column_text][vc_single_image image=&#8221;3963&#8243; img_size=&#8221;full&#8221; alignment=&#8221;center&#8221; onclick=&#8221;custom_link&#8221; link=&#8221;https:%2F%2Fwww.elmundoclick.com%2Fcategory%2Fexposicion-playmobil%2F|&#8221;][\/vc_column][vc_column width=&#8221;1\/3&#8243;][vc_column_text]<\/p>\n<h2 style=\"color: #3849ab; text-align: center;\"><span class=\"ez-toc-section\" id=\"edition_limitee\"><\/span><strong><a href=\"https:\/\/www.elmundoclick.com\/category\/playmobil-edicion-limitada\/\">\u00c9DITION LIMIT\u00c9E<\/a><\/strong><span class=\"ez-toc-section-end\"><\/span><\/h2>\n<p>[\/vc_column_text][vc_single_image image=&#8221;3964&#8243; img_size=&#8221;full&#8221; alignment=&#8221;center&#8221; onclick=&#8221;custom_link&#8221; link=&#8221;https:%2F%2Fwww.elmundoclick.com%2Fcategory%2Fplaymobil-edicion-limitada%2F|&#8221;][\/vc_column][vc_column width=&#8221;1\/3&#8243;][vc_column_text]<\/p>\n<h2 style=\"color: #3849ab; text-align: center;\"><span class=\"ez-toc-section\" id=\"nouvelles\"><\/span><strong><a href=\"https:\/\/www.elmundoclick.com\/category\/novedades-playmobil\/\">NOUVELLES<\/a><\/strong><span class=\"ez-toc-section-end\"><\/span><\/h2>\n<p>[\/vc_column_text][vc_single_image image=&#8221;3965&#8243; img_size=&#8221;full&#8221; alignment=&#8221;center&#8221; onclick=&#8221;custom_link&#8221; link=&#8221;https:%2F%2Fwww.elmundoclick.com%2Fcategory%2Fnovedades-playmobil%2F|&#8221;][\/vc_column][\/vc_row][vc_row][vc_column width=&#8221;1\/3&#8243;][vc_column_text]<\/p>\n<h2 style=\"color: #3849ab; text-align: center;\"><span class=\"ez-toc-section\" id=\"rabais\"><\/span><strong><a href=\"https:\/\/www.elmundoclick.com\/category\/descuentos-playmobil\/\">RABAIS<\/a><\/strong><span class=\"ez-toc-section-end\"><\/span><\/h2>\n<p>[\/vc_column_text][vc_single_image image=&#8221;2887&#8243; img_size=&#8221;full&#8221; alignment=&#8221;center&#8221; onclick=&#8221;custom_link&#8221; link=&#8221;https:%2F%2Fwww.elmundoclick.com%2Fcategory%2Fdescuentos-playmobil%2F|&#8221;][\/vc_column][vc_column width=&#8221;1\/3&#8243;][vc_column_text]<\/p>\n<h2 style=\"color: #3849ab; text-align: center;\"><span class=\"ez-toc-section\" id=\"ouest\"><\/span><strong><a href=\"https:\/\/www.elmundoclick.com\/category\/oeste-playmobil\/\">OUEST<\/a><\/strong><span class=\"ez-toc-section-end\"><\/span><\/h2>\n<p>[\/vc_column_text][vc_single_image image=&#8221;2885&#8243; img_size=&#8221;full&#8221; alignment=&#8221;center&#8221; onclick=&#8221;custom_link&#8221; link=&#8221;https:%2F%2Fwww.elmundoclick.com%2Fcategory%2Foeste-playmobil%2F|&#8221;][\/vc_column][vc_column width=&#8221;1\/3&#8243;][vc_column_text]<\/p>\n<h2 style=\"color: #3849ab; text-align: center;\"><span class=\"ez-toc-section\" id=\"film\"><\/span><strong><a href=\"https:\/\/www.elmundoclick.com\/category\/playmobil-the-movie\/\">FILM<\/a><\/strong><span class=\"ez-toc-section-end\"><\/span><\/h2>\n<p>[\/vc_column_text][vc_single_image image=&#8221;2884&#8243; img_size=&#8221;full&#8221; alignment=&#8221;center&#8221; onclick=&#8221;custom_link&#8221; link=&#8221;https:%2F%2Fwww.elmundoclick.com%2Fcategory%2Fplaymobil-the-movie%2F|&#8221;][\/vc_column][\/vc_row][vc_row][vc_column width=&#8221;1\/3&#8243;][vc_column_text]<\/p>\n<h2 style=\"color: #3849ab; text-align: center;\"><span class=\"ez-toc-section\" id=\"police\"><\/span><strong><a href=\"https:\/\/www.elmundoclick.com\/category\/policias-playmobil\/\">POLICE<\/a><\/strong><span class=\"ez-toc-section-end\"><\/span><\/h2>\n<p>[\/vc_column_text][vc_single_image image=&#8221;2881&#8243; img_size=&#8221;full&#8221; alignment=&#8221;center&#8221; onclick=&#8221;custom_link&#8221; link=&#8221;https:%2F%2Fwww.elmundoclick.com%2Fcategory%2Fpolicias-playmobil%2F|&#8221;][\/vc_column][vc_column width=&#8221;1\/3&#8243;][vc_column_text]<\/p>\n<h2 style=\"color: #3849ab; text-align: center;\"><span class=\"ez-toc-section\" id=\"gentlemen\"><\/span><strong><a href=\"https:\/\/www.elmundoclick.com\/category\/caballleros-playmobil\/\">GENTLEMEN<\/a><\/strong><span class=\"ez-toc-section-end\"><\/span><\/h2>\n<p>[\/vc_column_text][vc_single_image image=&#8221;2869&#8243; img_size=&#8221;full&#8221; alignment=&#8221;center&#8221; onclick=&#8221;custom_link&#8221; link=&#8221;https:%2F%2Fwww.elmundoclick.com%2Fcategory%2Fcaballleros-playmobil%2F|&#8221;][\/vc_column][vc_column width=&#8221;1\/3&#8243;][vc_column_text]<\/p>\n<h2 style=\"color: #3849ab; text-align: center;\"><span class=\"ez-toc-section\" id=\"cars\"><\/span><strong><a href=\"https:\/\/www.elmundoclick.com\/category\/coches-playmobil\/\">CARS<\/a><\/strong><span class=\"ez-toc-section-end\"><\/span><\/h2>\n<p>[\/vc_column_text][vc_single_image image=&#8221;2868&#8243; img_size=&#8221;full&#8221; alignment=&#8221;center&#8221; onclick=&#8221;custom_link&#8221; link=&#8221;https:%2F%2Fwww.elmundoclick.com%2Fcategory%2Fcoches-playmobil%2F|&#8221;][\/vc_column][\/vc_row][vc_row][vc_column width=&#8221;1\/3&#8243;][vc_column_text]<\/p>\n<h2 style=\"color: #3849ab; text-align: center;\"><span class=\"ez-toc-section\" id=\"dwarfs\"><\/span><strong><a href=\"https:\/\/www.elmundoclick.com\/category\/enanos-playmobil\/\">DWARFS<\/a><\/strong><span class=\"ez-toc-section-end\"><\/span><\/h2>\n<p>[\/vc_column_text][vc_single_image image=&#8221;2875&#8243; img_size=&#8221;full&#8221; alignment=&#8221;center&#8221; onclick=&#8221;custom_link&#8221; link=&#8221;https:%2F%2Fwww.elmundoclick.com%2Fcategory%2Fenanos-playmobil%2F|&#8221;][\/vc_column][vc_column width=&#8221;1\/3&#8243;][vc_column_text]<\/p>\n<h2 style=\"color: #3849ab; text-align: center;\"><span class=\"ez-toc-section\" id=\"porsches\"><\/span><strong><a href=\"https:\/\/www.elmundoclick.com\/category\/caballleros-playmobil\/\">PORSCHES<\/a><\/strong><span class=\"ez-toc-section-end\"><\/span><\/h2>\n<p>[\/vc_column_text][vc_single_image image=&#8221;2861&#8243; img_size=&#8221;full&#8221; alignment=&#8221;center&#8221; onclick=&#8221;custom_link&#8221; link=&#8221;https:%2F%2Fwww.elmundoclick.com%2Fcategory%2Fporsche-playmobil%2F|&#8221;][\/vc_column][vc_column width=&#8221;1\/3&#8243;][vc_column_text]<\/p>\n<h2 style=\"color: #3849ab; text-align: center;\"><span class=\"ez-toc-section\" id=\"enveloppes\"><\/span><strong><a href=\"https:\/\/www.elmundoclick.com\/sobres-playmobil-sorpresa\/\">ENVELOPPES<\/a><\/strong><span class=\"ez-toc-section-end\"><\/span><\/h2>\n<p>[\/vc_column_text][vc_single_image image=&#8221;2901&#8243; img_size=&#8221;full&#8221; alignment=&#8221;center&#8221; onclick=&#8221;custom_link&#8221; link=&#8221;https:%2F%2Fwww.elmundoclick.com%2Fsobres-playmobil-sorpresa%2F|&#8221;][\/vc_column][\/vc_row][vc_row][vc_column width=&#8221;1\/3&#8243;][vc_column_text]<\/p>\n<h2 style=\"color: #3849ab; text-align: center;\"><span class=\"ez-toc-section\" id=\"personnalise\"><\/span><strong><a href=\"https:\/\/www.elmundoclick.com\/category\/playmobil-personalizados-custom\/\">PERSONNALIS\u00c9<\/a><\/strong><span class=\"ez-toc-section-end\"><\/span><\/h2>\n<p>[\/vc_column_text][vc_single_image image=&#8221;1206&#8243; img_size=&#8221;&#8221; alignment=&#8221;center&#8221; onclick=&#8221;custom_link&#8221; link=&#8221;https:%2F%2Fwww.elmundoclick.com%2Fcategory%2Fplaymobil-personalizados-custom%2F|&#8221;][\/vc_column][vc_column width=&#8221;1\/3&#8243;][vc_column_text]<\/p>\n<h2 style=\"color: #3849ab; text-align: center;\"><span class=\"ez-toc-section\" id=\"catalogues\"><\/span><strong><a href=\"https:\/\/www.elmundoclick.com\/category\/catalogos-playmobil\/\">CATALOGUES<\/a><\/strong><span class=\"ez-toc-section-end\"><\/span><\/h2>\n<p>[\/vc_column_text][vc_single_image image=&#8221;6958&#8243; img_size=&#8221;&#8221; alignment=&#8221;center&#8221; onclick=&#8221;custom_link&#8221; link=&#8221;https:%2F%2Fwww.elmundoclick.com%2Fcategory%2Fcatalogos-playmobil%2F|&#8221;][\/vc_column][vc_column width=&#8221;1\/3&#8243;][vc_column_text]<\/p>\n<h2 style=\"color: #3849ab; text-align: center;\"><span class=\"ez-toc-section\" id=\"dioramas\"><\/span><strong><a href=\"https:\/\/www.elmundoclick.com\/category\/diorama-playmobil\/\">DIORAMAS<\/a><\/strong><span class=\"ez-toc-section-end\"><\/span><\/h2>\n<p>[\/vc_column_text][vc_single_image image=&#8221;4502&#8243; img_size=&#8221;full&#8221; alignment=&#8221;center&#8221; onclick=&#8221;custom_link&#8221; link=&#8221;https:%2F%2Fwww.elmundoclick.com%2Fcategory%2Fdiorama-playmobil%2F|&#8221;][\/vc_column][\/vc_row][vc_row][vc_column width=&#8221;1\/3&#8243;][vc_column_text]<\/p>\n<h2 style=\"color: #3849ab; text-align: center;\"><span class=\"ez-toc-section\" id=\"playmobil_mexico\"><\/span><strong><a href=\"https:\/\/www.elmundoclick.com\/playmobil-aurimat-mexico\/\">PLAYMOBIL MEXICO<\/a><\/strong><span class=\"ez-toc-section-end\"><\/span><\/h2>\n<p>[\/vc_column_text][vc_single_image image=&#8221;6469&#8243; img_size=&#8221;&#8221; alignment=&#8221;center&#8221; onclick=&#8221;custom_link&#8221; link=&#8221;https:%2F%2Fwww.elmundoclick.com%2Fplaymobil-aurimat-mexico%2F|&#8221;][\/vc_column][vc_column width=&#8221;1\/3&#8243;][vc_column_text]<\/p>\n<h2 style=\"color: #3849ab; text-align: center;\"><span class=\"ez-toc-section\" id=\"playmobil_argentine\"><\/span><strong><a href=\"https:\/\/www.elmundoclick.com\/playmobil-antex\/\">PLAYMOBIL ARGENTINE<\/a><\/strong><span class=\"ez-toc-section-end\"><\/span><\/h2>\n<p>[\/vc_column_text][vc_single_image image=&#8221;9525&#8243; img_size=&#8221;&#8221; alignment=&#8221;center&#8221; onclick=&#8221;custom_link&#8221; link=&#8221;https:%2F%2Fwww.elmundoclick.com%2Fplaymobil-antex%2F|&#8221;][\/vc_column][vc_column width=&#8221;1\/3&#8243;][vc_column_text]<\/p>\n<h2 style=\"color: #3849ab; text-align: center;\"><span class=\"ez-toc-section\" id=\"playmobil_usa\"><\/span><strong><a href=\"https:\/\/www.elmundoclick.com\/playmobil-usa\/\">PLAYMOBIL USA<\/a><\/strong><span class=\"ez-toc-section-end\"><\/span><\/h2>\n<p>[\/vc_column_text][vc_single_image image=&#8221;423&#8243; img_size=&#8221;&#8221; alignment=&#8221;center&#8221; onclick=&#8221;custom_link&#8221; link=&#8221;https:%2F%2Fwww.elmundoclick.com%2Fplaymobil-usa%2F|&#8221;][\/vc_column][\/vc_row][vc_row][vc_column][vc_column_text]<\/p>\n<h2><span class=\"ez-toc-section\" id=\"un_peu_dhistoire_de_playmobil\"><\/span>Un peu d&#8217;histoire de Playmobil<span class=\"ez-toc-section-end\"><\/span><\/h2>\n<p style=\"text-align: left;\">Depuis le  <strong>Les playmobils ont \u00e9t\u00e9 cr\u00e9\u00e9s en 1974,<\/strong> o\u00f9 ils ont \u00e9t\u00e9 pr\u00e9sent\u00e9s pour la premi\u00e8re fois au public lors de la foire de Nuremberg, la  <em><br \/>\n  <strong>Clics Playmobil<\/strong><br \/>\n<\/em> ont mieux r\u00e9sist\u00e9 \u00e0 l&#8217;\u00e9preuve du temps que nous xD et ont accompagn\u00e9 plusieurs g\u00e9n\u00e9rations en laissant leur empreinte dans nos enfances, du moins dans la mienne. C&#8217;est pourquoi nous avons cr\u00e9\u00e9 ce site non officiel sur les playmobil afin de faire conna\u00eetre notre amour des clics et de tenir les <em>fans et les collectionneurs inform\u00e9s des derni\u00e8res nouvelles concernant les playmobil<\/em>.<\/p>\n<h2><span class=\"ez-toc-section\" id=\"ou_acheter_playmobil_en_ligne\"><\/span>O\u00f9 acheter Playmobil en ligne<span class=\"ez-toc-section-end\"><\/span><\/h2>\n<p>Nous avons une section o\u00f9 nous recueillons toutes les <a href=\"https:\/\/www.elmundoclick.com\/mejores-tiendas-comprar-playmobil-espana\/\"><br \/>\n  <strong>magasins vendant des playmobil en Espagne<\/strong><br \/>\n<\/a> et nous donnons notre avis, nous avons \u00e9galement cr\u00e9\u00e9 une <strong>boutique en ligne avec des produits playmobil et <\/strong>autres fricadas pour les collectionneurs, <a href=\"https:\/\/www.elmundoclick.com\/fr\/boutique-en-ligne-playmobil\/t-shirts-playmobil\/\"><br \/>\n  <strong>t-shirts<\/strong><br \/>\n<\/a>des \u00e9tag\u00e8res, des \u00e9tag\u00e8res, des livres. J&#8217;esp\u00e8re que vous l&#8217;appr\u00e9cierez[\/vc_column_text][\/vc_column][\/vc_row]<\/p>\n<\/div>","protected":false},"excerpt":{"rendered":"<p>[vc_row el_class=&#8221;td-ss-row&#8221;][vc_column][vc_column_text] Site web pour les amateurs et collectionneurs de Playmobil et de jouets [\/vc_column_text][vc_column_text] Si vous \u00eates collectionneur ou fan de playmobil ce site est le v\u00f4tre, vous pouvez \u00e9galement nous suivre sur notre cha\u00eene Youtube et voir nos vid\u00e9os playmobil ou dans nos r\u00e9seaux sociaux, o\u00f9 nous vous ferons d\u00e9couvrir les nouvelles playmobil [&hellip;]<\/p>\n","protected":false},"author":1,"featured_media":10547,"parent":0,"menu_order":0,"comment_status":"open","ping_status":"closed","template":"","meta":{"footnotes":""},"class_list":["post-42043","page","type-page","status-publish","has-post-thumbnail","hentry"],"_links":{"self":[{"href":"https:\/\/www.elmundoclick.com\/fr\/wp-json\/wp\/v2\/pages\/42043","targetHints":{"allow":["GET"]}}],"collection":[{"href":"https:\/\/www.elmundoclick.com\/fr\/wp-json\/wp\/v2\/pages"}],"about":[{"href":"https:\/\/www.elmundoclick.com\/fr\/wp-json\/wp\/v2\/types\/page"}],"author":[{"embeddable":true,"href":"https:\/\/www.elmundoclick.com\/fr\/wp-json\/wp\/v2\/users\/1"}],"replies":[{"embeddable":true,"href":"https:\/\/www.elmundoclick.com\/fr\/wp-json\/wp\/v2\/comments?post=42043"}],"version-history":[{"count":0,"href":"https:\/\/www.elmundoclick.com\/fr\/wp-json\/wp\/v2\/pages\/42043\/revisions"}],"wp:featuredmedia":[{"embeddable":true,"href":"https:\/\/www.elmundoclick.com\/fr\/wp-json\/wp\/v2\/media\/10547"}],"wp:attachment":[{"href":"https:\/\/www.elmundoclick.com\/fr\/wp-json\/wp\/v2\/media?parent=42043"}],"curies":[{"name":"wp","href":"https:\/\/api.w.org\/{rel}","templated":true}]}}