{"id":42080,"date":"2017-07-24T22:06:47","date_gmt":"2017-07-24T22:06:47","guid":{"rendered":"https:\/\/www.elmundoclick.com\/datenschutzrichtlinie-und-cookies\/"},"modified":"2022-06-29T15:08:10","modified_gmt":"2022-06-29T15:08:10","slug":"datenschutzrichtlinie-und-cookies","status":"publish","type":"page","link":"https:\/\/www.elmundoclick.com\/de\/datenschutzrichtlinie-und-cookies\/","title":{"rendered":"Datenschutzrichtlinie und Cookies"},"content":{"rendered":"<p><b>ALLGEMEINE NUTZUNGSBEDINGUNGEN UND DATENSCHUTZPOLITIK<\/b><\/p>\n<p><span style=\"font-weight: 400;\">Bitte lesen Sie diese Nutzungsbedingungen sorgf\u00e4ltig durch, bevor Sie diese Website nutzen. Durch die Nutzung dieser Website erkennt der Nutzer implizit an, dass er\/sie die Bedingungen und Konditionen akzeptiert. Wenn Sie mit ihnen nicht einverstanden sind oder Zweifel haben, registrieren Sie sich bitte nicht und nutzen Sie diese Website nicht.<\/span><\/p>\n<p><b>DATENSCHUTZPOLITIK<\/b><\/p>\n<p><span style=\"font-weight: 400;\">Der Hauptzweck der Website www.elmundoclick.com besteht darin, die B\u00fcrgerinnen und B\u00fcrger zu informieren und ihnen Informationen \u00fcber die Dienstleistungen der&#8230; JOSE MIGUEL MEDINA SILLA  <\/span><span style=\"font-weight: 400;\"><br \/>\n<\/span><span style=\"font-weight: 400;\">JOSE MIGUEL MEDINA SILLA &nbsp;\u00fcbernimmt die gesetzlichen Verpflichtungen zum Schutz der pers\u00f6nlichen Daten, insbesondere in Bezug auf:<\/span><span style=\"font-weight: 400;\"><br \/>\n<\/span><span style=\"font-weight: 400;\">a) Das Vorhandensein von Dateien oder Verarbeitungen mit personenbezogenen Daten.<\/span><span style=\"font-weight: 400;\"><br \/>\n<\/span><span style=\"font-weight: 400;\">b) Der Zweck der Datenerhebung.<\/span><span style=\"font-weight: 400;\"><br \/>\n<\/span><span style=\"font-weight: 400;\">(c) die Empf\u00e4nger der Informationen.<\/span><span style=\"font-weight: 400;\"><br \/>\n<\/span><span style=\"font-weight: 400;\">d) Der fakultative oder obligatorische Charakter der Fragen, die wir stellen.<\/span><span style=\"font-weight: 400;\"><br \/>\n<\/span><span style=\"font-weight: 400;\">(e) die Folgen des Erhalts der Daten oder der Verweigerung der Daten\u00fcbermittlung.<\/span><span style=\"font-weight: 400;\"><br \/>\n<\/span><span style=\"font-weight: 400;\">f) die M\u00f6glichkeit, das Recht auf Auskunft, Berichtigung, L\u00f6schung und Widerspruch auszu\u00fcben.<\/span><span style=\"font-weight: 400;\"><br \/>\n<\/span><span style=\"font-weight: 400;\">(g) die Identit\u00e4t und Anschrift des f\u00fcr die Verarbeitung Verantwortlichen oder gegebenenfalls seines Vertreters.<\/span><span style=\"font-weight: 400;\"><br \/>\n<\/span><span style=\"font-weight: 400;\"><br \/>\n<\/span><span style=\"font-weight: 400;\">Es ist der Wunsch von JOSE MIGUEL MEDINA SILLA &nbsp;, dass der Nutzer \u00fcber die entsprechenden Informationen verf\u00fcgt, um ausdr\u00fccklich, frei und freiwillig entscheiden zu k\u00f6nnen, ob er seine Daten in der gew\u00fcnschten Form zur Verf\u00fcgung stellen m\u00f6chte. Die Nutzer werden dar\u00fcber informiert, dass ihre Daten in eine automatisierte Datei aufgenommen werden, f\u00fcr die JOSE MIGUEL MEDINA SILLA verantwortlich ist.<\/span><\/p>\n<p><span style=\"font-weight: 400;\">Sofern nicht in jedem Fall anders angegeben, sind die in den Formularen erhobenen Daten notwendig und obligatorisch, um auf die auf der Website eingerichteten Dienste zugreifen und diese erbringen zu k\u00f6nnen. Der Nutzer ist verpflichtet, die Formulare mit wahrheitsgem\u00e4\u00dfen, genauen und vollst\u00e4ndigen Daten auszuf\u00fcllen und haftet f\u00fcr alle Sch\u00e4den, die durch fehlerhaftes Ausf\u00fcllen, falsche, ungenaue, unvollst\u00e4ndige oder \u00fcberholte Daten entstehen k\u00f6nnen.<\/span><\/p>\n<p><span style=\"font-weight: 400;\">JOSE MIGUEL MEDINA SILLA &nbsp;verpflichtet sich, das von der geltenden Gesetzgebung geforderte Sicherheitsniveau f\u00fcr den Schutz personenbezogener Daten einzuhalten und die notwendigen technischen und organisatorischen Ma\u00dfnahmen zu ergreifen, um Verlust, Missbrauch, \u00c4nderung, unbefugten Zugriff und andere m\u00f6gliche Risiken zu verhindern. JOSE MIGUEL MEDINA SILLA verpflichtet sich au\u00dferdem zur Geheimhaltung der in den automatisierten Dateien enthaltenen Daten gem\u00e4\u00df den geltenden Rechtsvorschriften.<\/span><span style=\"font-weight: 400;\"><br \/>\n<\/span><span style=\"font-weight: 400;\">Der Nutzer oder die ihn vertretende Person kann jederzeit sein Recht auf Zugang, Berichtigung, L\u00f6schung und gegebenenfalls Widerspruch gem\u00e4\u00df den Bestimmungen des Organgesetzes \u00fcber den Datenschutz und anderer geltender Vorschriften aus\u00fcben, indem er eine schriftliche Mitteilung an den Dateiverwalter unter Angabe seines Namens und seiner Personalausweisnummer an die Adresse c\/.<\/span> <span style=\"font-weight: 400;\">AVDA. AL VEDAT, N\u00ba 25-3\u00ba  &nbsp;&nbsp;46900 TORRENT-VALENCIA Unser vorrangiges Anliegen ist die Sicherheit der Speicherung von personenbezogenen Nutzerdaten. Bei der \u00dcbertragung von Daten vom Computer des Nutzers zu unseren Servern gehen wir mit gro\u00dfer Sorgfalt vor.<\/span><span style=\"font-weight: 400;\"><br \/>\n<\/span><span style=\"font-weight: 400;\">Nur Mitarbeiter, die f\u00fcr ihre Arbeit Zugang zu den Benutzerdaten ben\u00f6tigen, haben Zugriff darauf. Jeder Mitarbeiter, der gegen unsere Datenschutz- und\/oder Sicherheitsrichtlinien verst\u00f6\u00dft, muss mit disziplinarischen Ma\u00dfnahmen rechnen.<\/span><\/p>\n<p><b>DIE ANNAHME DIESER BEDINGUNGEN<\/b><\/p>\n<p><span style=\"font-weight: 400;\">Bei der Nutzung dieser Website gehen wir davon aus, dass der Nutzer dieses Dokument sorgf\u00e4ltig gelesen und die darin enthaltenen Hinweise verstanden und befolgt hat. Wenn Sie mit dieser Datenschutzpolitik oder den darin enthaltenen Hinweisen nicht einverstanden sind, nutzen Sie unsere Website bitte nicht. Wir behalten uns das Recht vor, diese Nutzungsbedingungen zu \u00e4ndern, wenn wir dies f\u00fcr notwendig erachten. Die fortgesetzte Nutzung dieser und anderer Websites von JOSE MIGUEL MEDINA SILLA &nbsp;durch den Nutzer nach der Einf\u00fchrung dieser \u00c4nderungen setzt die vollst\u00e4ndige Annahme der \u00c4nderungen voraus.<\/span><\/p>\n<p><b>Was sind Cookies?<\/b><\/p>\n<p><span style=\"font-weight: 400;\">Ein Cookie ist eine Textdatei, die auf Ihrem Computer gespeichert wird. In Cookies werden Informationen gespeichert, die wir verwenden, damit unsere Website funktioniert. Sie k\u00f6nnen keinen Code ausf\u00fchren und enthalten keine Viren. Niemand au\u00dfer uns kann unsere Cookies lesen.<\/span><\/p>\n<p><b>Wie verwenden wir Cookies?<\/b><\/p>\n<p><span style=\"font-weight: 400;\">www.elmundoclick.com &nbsp;verwendet Cookies, um Ihre Erfahrung auf unserer Website zu verbessern. Dar\u00fcber hinaus:<\/span><\/p>\n<p><span style=\"font-weight: 400;\">Bestimmte Cookies sind f\u00fcr das reibungslose Funktionieren unserer Website unerl\u00e4sslich.<\/span><\/p>\n<p><span style=\"font-weight: 400;\">Wir verfolgen Ihre pers\u00f6nlichen Aktivit\u00e4ten nicht, wenn Sie nicht zu Hause sind. <\/span><span style=\"font-weight: 400;\">www.elmundoclick.com<\/span><span style=\"font-weight: 400;\"> (es sei denn, Sie klicken auf eine Anwendung aus <\/span><span style=\"font-weight: 400;\">www.elmundoclick.com<\/span><span style=\"font-weight: 400;\"> aus dem Internet).<\/span><\/p>\n<p><span style=\"font-weight: 400;\">Wir verwenden Analyse-Cookies, um zu verstehen, welche Inhalte f\u00fcr unsere Besucher am n\u00fctzlichsten sind.<\/span><\/p>\n<p><b>Arten von Cookies, die wir verwenden<\/b><\/p>\n<p><span style=\"font-weight: 400;\">Sicherheit: Diese Cookies erm\u00f6glichen es uns, den Zugang zu Ihrem Konto zu sch\u00fctzen&#8230;<\/span><\/p>\n<p><span style=\"font-weight: 400;\">Analytik: Wir verfolgen und analysieren Trends im Webverkehr, um beliebte Inhalte oder m\u00f6gliche Probleme auf der Website zu erkennen.<\/span><\/p>\n<p><span style=\"font-weight: 400;\">Werbung: Wir verwenden nicht identifizierbare Informationen \u00fcber Sie, um Ihnen Werbung auf unserer Website zu zeigen.<\/span><\/p>\n<p><b>Ihre Wahlm\u00f6glichkeiten in Bezug auf Cookies<\/b><\/p>\n<p><span style=\"font-weight: 400;\">Sie k\u00f6nnen w\u00e4hlen, ob Ihr Computer Sie jedes Mal warnen soll, wenn ein Cookie gesetzt wird, oder ob alle Cookies deaktiviert werden sollen. Sie k\u00f6nnen Ihre Pr\u00e4ferenzen in den Einstellungen Ihres Browsers festlegen. Da jedoch jeder Browser anders ist, sollten Sie das Hilfemen\u00fc Ihres Browsers konsultieren, um herauszufinden, wie Sie Ihre Cookies \u00e4ndern k\u00f6nnen. Wenn Sie sich entscheiden, Ihre Cookies zu deaktivieren, werden Sie keinen Zugang zu vielen Optionen haben, die Ihre Erfahrung verbessern k\u00f6nnten. Dar\u00fcber hinaus werden einige unserer Dienste nicht richtig funktionieren.<\/span><\/p>\n<p><b>Zus\u00e4tzliche Garantien &#8211; Cookie-Verwaltung:<\/b><\/p>\n<p><span style=\"font-weight: 400;\">Alle Internet-Browser erm\u00f6glichen es Ihnen, das Verhalten eines Cookies einzuschr\u00e4nken oder Cookies in den Einstellungen oder Optionen Ihres Browsers zu deaktivieren. Die Schritte dazu sind von Browser zu Browser unterschiedlich und k\u00f6nnen im Hilfemen\u00fc Ihres Browsers nachgelesen werden.<\/span><\/p>\n<p><span style=\"font-weight: 400;\">Bei vielen Browsern k\u00f6nnen Sie einen privaten Modus aktivieren, bei dem die Cookies nach dem Besuch immer gel\u00f6scht werden. Je nach Browser kann dieser private Modus unterschiedliche Namen haben. Nachstehend finden Sie eine Liste der g\u00e4ngigsten Browser mit einem Link zu den Cookie-Einstellungen und den verschiedenen Bezeichnungen f\u00fcr diesen &#8220;privaten Modus&#8221;:<\/span><\/p>\n<ul>\n<li style=\"font-weight: 400;\"><span style=\"font-weight: 400;\">Internet Explorer 8 und h\u00f6her; InPrivate<\/span><\/li>\n<li style=\"font-weight: 400;\"><span style=\"font-weight: 400;\">Safari 2 und h\u00f6her; Privates Surfen<\/span><\/li>\n<li style=\"font-weight: 400;\"><span style=\"font-weight: 400;\">Opera 10.5 und h\u00f6her; Privates Surfen<\/span><\/li>\n<li style=\"font-weight: 400;\"><span style=\"font-weight: 400;\">FireFox 3.5 und h\u00f6her; Private Browsing<\/span><\/li>\n<li style=\"font-weight: 400;\"><span style=\"font-weight: 400;\">Google Chrome 10 und h\u00f6her; Inkognito<\/span><\/li>\n<\/ul>\n","protected":false},"excerpt":{"rendered":"<p>ALLGEMEINE NUTZUNGSBEDINGUNGEN UND DATENSCHUTZPOLITIK Bitte lesen Sie diese Nutzungsbedingungen sorgf\u00e4ltig durch, bevor Sie diese Website nutzen. Durch die Nutzung dieser Website erkennt der Nutzer implizit an, dass er\/sie die Bedingungen und Konditionen akzeptiert. Wenn Sie mit ihnen nicht einverstanden sind oder Zweifel haben, registrieren Sie sich bitte nicht und nutzen Sie diese Website nicht. DATENSCHUTZPOLITIK [&hellip;]<\/p>\n","protected":false},"author":1,"featured_media":0,"parent":0,"menu_order":0,"comment_status":"closed","ping_status":"closed","template":"page-pagebuilder-title.php","meta":{"footnotes":""},"class_list":["post-42080","page","type-page","status-publish","hentry"],"_links":{"self":[{"href":"https:\/\/www.elmundoclick.com\/de\/wp-json\/wp\/v2\/pages\/42080","targetHints":{"allow":["GET"]}}],"collection":[{"href":"https:\/\/www.elmundoclick.com\/de\/wp-json\/wp\/v2\/pages"}],"about":[{"href":"https:\/\/www.elmundoclick.com\/de\/wp-json\/wp\/v2\/types\/page"}],"author":[{"embeddable":true,"href":"https:\/\/www.elmundoclick.com\/de\/wp-json\/wp\/v2\/users\/1"}],"replies":[{"embeddable":true,"href":"https:\/\/www.elmundoclick.com\/de\/wp-json\/wp\/v2\/comments?post=42080"}],"version-history":[{"count":0,"href":"https:\/\/www.elmundoclick.com\/de\/wp-json\/wp\/v2\/pages\/42080\/revisions"}],"wp:attachment":[{"href":"https:\/\/www.elmundoclick.com\/de\/wp-json\/wp\/v2\/media?parent=42080"}],"curies":[{"name":"wp","href":"https:\/\/api.w.org\/{rel}","templated":true}]}}