{"id":42077,"date":"2017-07-25T00:01:37","date_gmt":"2017-07-25T00:01:37","guid":{"rendered":"https:\/\/www.elmundoclick.com\/rechtlicher-hinweis\/"},"modified":"2017-07-25T00:01:37","modified_gmt":"2017-07-25T00:01:37","slug":"rechtlicher-hinweis","status":"publish","type":"page","link":"https:\/\/www.elmundoclick.com\/de\/rechtlicher-hinweis\/","title":{"rendered":"Rechtlicher Hinweis"},"content":{"rendered":"<p>RECHTLICHER HINWEIS<br \/>\n1. die Identit\u00e4t des Eigent\u00fcmers dieser Website&nbsp;.<br \/>\nIn \u00dcbereinstimmung mit dem Gesetz 34\/2002 vom 11. Juli \u00fcber die Dienste der Informationsgesellschaft und den elektronischen Handel informieren wir Sie, dass der Inhaber von&nbsp;www.elmundoclick.com&nbsp;JOSE MIGUEL MEDINA SILLA ist.<br \/>\nDIES IST KEINE OFFIZIELLE PLAYMOBIL-WEBSITE. EINFACH DIE WEBSITE EINES FANS UND SAMMLERS DIESER SPIELZEUGE.<br \/>\nAdresse:<br \/>\nc\/. AVDA. AL VEDAT, N\u00ba 25-3\u00ba 46900 TORRENT-VALENCIA<br \/>\nE-Mail:<br \/>\njosemiguelconsultor@gmail.com<br \/>\n2.&nbsp;Allgemeine Bedingungen f\u00fcr die Nutzung dieser Website<br \/>\nDer Zugang zu dieser Website verleiht Ihnen den Status eines &#8220;Benutzers&#8221;, was Ihre ausdr\u00fcckliche und uneingeschr\u00e4nkte Zustimmung zu den allgemeinen Bedingungen voraussetzt, die zum Zeitpunkt Ihres Zugangs zur Website auf&nbsp;www.elmundoclick.com&nbsp;ver\u00f6ffentlicht sind. Daher muss der Nutzer diese allgemeinen Nutzungsbedingungen jedes Mal lesen, wenn er beabsichtigt, auf die \u00fcber diese Website angebotenen Dienste zuzugreifen und sie gegebenenfalls zu nutzen, da sie \u00c4nderungen unterliegen k\u00f6nnen.<br \/>\n2.1.-Gegenstand und Anwendungsbereich<br \/>\nDie vorliegenden allgemeinen Nutzungsbedingungen regeln den Zugang, die Navigation und die Nutzung von&nbsp;www.elmundoclick.com&nbsp;sowie die Verantwortlichkeiten, die sich aus der Nutzung ihrer Inhalte ergeben, wie Texte, Grafiken, Zeichnungen, Designs, Codes, Software, Fotos, Musik, Videos, T\u00f6ne, Datenbanken, Bilder, Ausdr\u00fccke und Informationen sowie alle anderen Sch\u00f6pfungen, die durch nationale Gesetze und internationale Vertr\u00e4ge \u00fcber geistiges und gewerbliches Eigentum gesch\u00fctzt sind.<br \/>\n2.2. Bedingungen f\u00fcr den Zugang und die Nutzung der Dienste<br \/>\n1. Der Nutzer muss die Dienste dieser Website jederzeit rechtm\u00e4\u00dfig und in \u00dcbereinstimmung mit den vorliegenden allgemeinen Bedingungen sowie den allgemein anerkannten Praktiken im Internet nutzen.<br \/>\n2. Der Nutzer garantiert, dass alle Informationen, die er \u00fcber die Formulare auf dieser Website angibt, rechtm\u00e4\u00dfig, echt, genau, wahrheitsgem\u00e4\u00df und aktuell sind. Es liegt in der alleinigen Verantwortung des Nutzers, JOSE MIGUEL MEDINA SILLA unverz\u00fcglich \u00fcber eventuelle \u00c4nderungen der bereitgestellten Informationen zu informieren.<br \/>\n3. Der Nutzer hat Folgendes zu unterlassen: Viren, Programme, Makros oder Zeichensequenzen einzuf\u00fchren, um die Computersysteme dieser Website zu besch\u00e4digen oder zu ver\u00e4ndern; den Zugang anderer Nutzer durch massiven Ressourcenverbrauch zu behindern; die auf dieser Website enthaltenen Daten zu Werbezwecken zu erfassen; die auf dieser Website enthaltenen Inhalte zu vervielf\u00e4ltigen, zu kopieren, zu verbreiten, umzuwandeln oder Dritten zur Verf\u00fcgung zu stellen; \u00fcber die auf dieser Website enthaltenen Dienste Handlungen vorzunehmen, die das geistige Eigentum, die Ehrenrechte, das Bild und die pers\u00f6nliche Privatsph\u00e4re Dritter verletzen k\u00f6nnen; Handlungen des unlauteren Wettbewerbs und der illegalen Werbung vorzunehmen.<br \/>\n3. Rechte an geistigem und gewerblichem Eigentum.<br \/>\nJOSE MIGUEL MEDINA SILLA ist Inhaber der geistigen und gewerblichen Eigentumsrechte an allen Elementen, aus denen www.elmundoclick.com besteht, einschlie\u00dflich der Marke, des Handelsnamens oder des Unterscheidungszeichens. Insbesondere und ohne Einschr\u00e4nkung sind das grafische Design, der Quellcode, die Logos, die Texte, die Grafiken, die Illustrationen, die Fotografien, die T\u00f6ne und die anderen auf der Website enthaltenen Elemente urheberrechtlich gesch\u00fctzt.<br \/>\nIn keinem Fall bedeutet der Zugriff auf www.elmundoclick.com einen Verzicht, eine \u00dcbertragung oder eine vollst\u00e4ndige oder teilweise Lizenz von JOSE MIGUEL MEDINA SILLA f\u00fcr die pers\u00f6nliche Nutzung der Rechte an geistigem und gewerblichem Eigentum durch den Nutzer.<br \/>\nDer Nutzer erkennt daher an, dass die Vervielf\u00e4ltigung, das Kopieren, der Vertrieb, die Kommerzialisierung, die Umwandlung, die Wiederverwendung, die \u00f6ffentliche Bekanntmachung und allgemein jede andere Form der Verwertung des gesamten oder eines Teils des Inhalts von www.elmundoclick.com ohne die ausdr\u00fcckliche schriftliche Genehmigung von JOSE MIGUEL MEDINA SILLA eine Verletzung seiner geistigen und\/oder gewerblichen Eigentumsrechte darstellt.<\/p>\n<p>4. Haftungs- und Sicherheitsregelung.<br \/>\nJOSE MIGUEL MEDINA SILLA erkl\u00e4rt, dass sie die technischen und organisatorischen Ma\u00dfnahmen ergriffen hat, die im Rahmen ihrer M\u00f6glichkeiten und des Stands der Technik das ordnungsgem\u00e4\u00dfe Funktionieren der Website und die Abwesenheit von Viren und sch\u00e4dlichen Komponenten erm\u00f6glichen, kann jedoch nicht daf\u00fcr verantwortlich gemacht werden: (a) die Kontinuit\u00e4t und Verf\u00fcgbarkeit der auf www.elmundoclick.com verf\u00fcgbaren Inhalte und Dienste; (b) die Fehlerfreiheit dieser Inhalte und die Beseitigung etwaiger M\u00e4ngel; (c) die Abwesenheit von Viren und\/oder anderen sch\u00e4dlichen Komponenten auf www.elmundoclick.com; (d) die Unangreifbarkeit der getroffenen Sicherheitsma\u00dfnahmen; (e) Sch\u00e4den oder Nachteile, die von Personen verursacht werden, die in die Sicherheitssysteme von www.elmundoclick.com eindringen.<br \/>\n2. Der Nutzer haftet gegen\u00fcber Dritten allein f\u00fcr jede Mitteilung, die er pers\u00f6nlich oder in seinem Namen an www.elmundoclick.com sendet, sowie f\u00fcr die unrechtm\u00e4\u00dfige Nutzung der auf dieser Website enthaltenen Inhalte und Dienste.<br \/>\nJOSE MIGUEL MEDINA SILLA beh\u00e4lt sich das Recht vor, den Zugang zu www.elmundoclick.com ohne vorherige Ank\u00fcndigung vor\u00fcbergehend zu unterbrechen, um Wartungsarbeiten, Reparaturen, Aktualisierungen oder Verbesserungen durchzuf\u00fchren. Wenn es die Umst\u00e4nde erlauben, ver\u00f6ffentlicht JOSE MIGUEL MEDINA SILLA auf seiner Website mit ausreichender Vorank\u00fcndigung einen Hinweis auf das Datum, an dem die Dienste eingestellt werden.<br \/>\n4. Die auf www.elmundoclick.com vorhandenen Links zu anderen Websites k\u00f6nnen zu Websites f\u00fchren, f\u00fcr die JOSE MIGUEL MEDINA SILLA keine Verantwortung \u00fcbernimmt, da es keine Kontrolle \u00fcber sie hat. Ihr Zweck ist es, den Nutzer \u00fcber andere Informationsquellen zu informieren, so dass der Nutzer in alleiniger Verantwortung auf die dort geltenden Inhalte und Nutzungsbedingungen zugreift.<br \/>\nJOSE MIGUEL MEDINA SILLA ist nicht verantwortlich f\u00fcr die Nutzung der Inhalte und Dienste, die auf der Website angeboten werden, durch die Nutzer. Folglich wird nicht garantiert, dass die Nutzung der genannten Inhalte und Dienste durch die Nutzer mit den vorliegenden allgemeinen Nutzungsbedingungen \u00fcbereinstimmt oder dass sie diese gewissenhaft einhalten.<br \/>\n5. Dauer und \u00c4nderung.<br \/>\n5.1. JOSE MIGUEL MEDINA SILLA beh\u00e4lt sich das Recht vor, die vorliegenden allgemeinen Zugriffsbedingungen ganz oder teilweise zu \u00e4ndern, indem die \u00c4nderungen auf www.elmundoclick.com ver\u00f6ffentlicht werden. JOSE MIGUEL MEDINA SILLA kann auch ohne vorherige Ank\u00fcndigung \u00c4nderungen an der Website vornehmen und Inhalte und Dienstleistungen, die sie anbietet, sowie die Art und Weise, in der sie pr\u00e4sentiert werden oder sich befinden, \u00e4ndern, l\u00f6schen oder hinzuf\u00fcgen. Folglich gelten die allgemeinen Bedingungen, die zum Zeitpunkt des Zugriffs des Nutzers auf www.elmundoclick.com ver\u00f6ffentlicht werden, und der Nutzer muss diese Nutzungsbedingungen regelm\u00e4\u00dfig lesen.<br \/>\n5.2. Unabh\u00e4ngig von den Bestimmungen der besonderen Bedingungen kann JOSE MIGUEL MEDINA SILLA jederzeit und ohne Vorank\u00fcndigung den Zugang zu den Inhalten der Seite beenden, aussetzen oder unterbrechen, ohne dass der Nutzer die M\u00f6glichkeit hat, irgendeine Entsch\u00e4digung zu fordern.<br \/>\n6. Anwendbares Recht und Gerichtsbarkeit.<br \/>\nDie zwischen JOSE MIGUEL MEDINA SILLA und dem Nutzer bestehenden Beziehungen unterliegen den Bestimmungen der geltenden Gesetzgebung bez\u00fcglich des anwendbaren Rechts und der zust\u00e4ndigen Gerichtsbarkeit. In F\u00e4llen, in denen die Vorschriften die M\u00f6glichkeit vorsehen, dass sich die Parteien einem Gerichtsstand unterwerfen, unterwerfen sich JOSE MIGUEL MEDINA SILLA und der Nutzer unter ausdr\u00fccklichem Verzicht auf jeden anderen Gerichtsstand, der ihnen zustehen k\u00f6nnte, den Gerichten und Tribunalen der Stadt Valencia.<\/p>\n","protected":false},"excerpt":{"rendered":"<p>RECHTLICHER HINWEIS 1. die Identit\u00e4t des Eigent\u00fcmers dieser Website&nbsp;. In \u00dcbereinstimmung mit dem Gesetz 34\/2002 vom 11. Juli \u00fcber die Dienste der Informationsgesellschaft und den elektronischen Handel informieren wir Sie, dass der Inhaber von&nbsp;www.elmundoclick.com&nbsp;JOSE MIGUEL MEDINA SILLA ist. DIES IST KEINE OFFIZIELLE PLAYMOBIL-WEBSITE. EINFACH DIE WEBSITE EINES FANS UND SAMMLERS DIESER SPIELZEUGE. Adresse: c\/. AVDA. [&hellip;]<\/p>\n","protected":false},"author":1,"featured_media":0,"parent":0,"menu_order":0,"comment_status":"closed","ping_status":"closed","template":"","meta":{"footnotes":""},"class_list":["post-42077","page","type-page","status-publish","hentry"],"_links":{"self":[{"href":"https:\/\/www.elmundoclick.com\/de\/wp-json\/wp\/v2\/pages\/42077","targetHints":{"allow":["GET"]}}],"collection":[{"href":"https:\/\/www.elmundoclick.com\/de\/wp-json\/wp\/v2\/pages"}],"about":[{"href":"https:\/\/www.elmundoclick.com\/de\/wp-json\/wp\/v2\/types\/page"}],"author":[{"embeddable":true,"href":"https:\/\/www.elmundoclick.com\/de\/wp-json\/wp\/v2\/users\/1"}],"replies":[{"embeddable":true,"href":"https:\/\/www.elmundoclick.com\/de\/wp-json\/wp\/v2\/comments?post=42077"}],"version-history":[{"count":0,"href":"https:\/\/www.elmundoclick.com\/de\/wp-json\/wp\/v2\/pages\/42077\/revisions"}],"wp:attachment":[{"href":"https:\/\/www.elmundoclick.com\/de\/wp-json\/wp\/v2\/media?parent=42077"}],"curies":[{"name":"wp","href":"https:\/\/api.w.org\/{rel}","templated":true}]}}